{"id":5060,"date":"2025-03-21T15:10:43","date_gmt":"2025-03-21T13:10:43","guid":{"rendered":"https:\/\/servitec.tv\/?page_id=5060"},"modified":"2025-03-30T18:10:00","modified_gmt":"2025-03-30T16:10:00","slug":"alarmas","status":"publish","type":"page","link":"https:\/\/servitec.tv\/es\/servicios\/alarmas\/","title":{"rendered":"Alarmas"},"content":{"rendered":"<p>[vc_row el_class=\u00bbserveis-content-header-title\u00bb][vc_column width=\u00bb1\/6&#8243; el_class=\u00bbimatge_serveis_clients\u00bb][vc_single_image image=\u00bb5135&#8243; alignment=\u00bbcenter\u00bb][\/vc_column][vc_column width=\u00bb5\/6&#8243;][vc_column_text]<\/p>\n<p><\/p>\n<h1 style=\"color: white; font-size: 14.5px;\">Alarmas<\/h1>\n<p><\/p>\n<p>[\/vc_column_text][\/vc_column][\/vc_row][vc_row full_width=\u00bbstretch_row_content_no_spaces\u00bb][vc_column][vc_single_image image=\u00bb5347&#8243; img_size=\u00bbfull\u00bb alignment=\u00bbcenter\u00bb el_class=\u00bbserveis-content-image\u00bb][\/vc_column][\/vc_row][vc_row full_width=\u00bbstretch_row_content\u00bb][vc_column][vc_row_inner el_class=\u00bbserveis-content-row\u00bb][vc_column_inner el_class=\u00bbserveis-content-form\u00bb width=\u00bb2\/3&#8243;][vc_column_text el_class=\u00bbserveis-content-text\u00bb]<\/p>\n<h2 class=\"\" data-start=\"232\" data-end=\"291\"><strong>Sistemas de alarmas para empresas, comercios y viviendas<\/strong><\/h2>\n<p><\/p>\n<p class=\"\" data-start=\"293\" data-end=\"609\">En <strong data-start=\"295\" data-end=\"307\">SERVITEC<\/strong> somos especialistas en la <strong data-start=\"332\" data-end=\"396\">instalaci\u00f3n y mantenimiento de sistemas de alarma de seguridad, <\/strong>con sluciones dise\u00f1adas a medida<strong data-start=\"332\" data-end=\"396\"> para empresas, oficinas, almacenes, comercios y viviendas particulares<\/strong>. Te ayudamos a proteger lo que m\u00e1s le importa con tecnolog\u00eda de vanguardia y un servicio t\u00e9cnico de confianza.<\/p>\n<h3 class=\"\" data-start=\"611\" data-end=\"658\">Alarmas de seguridad adaptadas a cada espacio<\/h3>\n<p><\/p>\n<p class=\"\" data-start=\"660\" data-end=\"852\">Cada proyecto se desarrolla seg\u00fan las necesidades concretas del cliente y del espacio, para garantizar una protecci\u00f3n eficaz y escalable. Instalamos sistemas de alarma con funcionalidades avanzadas:<\/p>\n<ul data-start=\"854\" data-end=\"1103\">\n<li class=\"\" data-start=\"854\" data-end=\"895\">\n<p class=\"\" data-start=\"856\" data-end=\"895\"><strong data-start=\"856\" data-end=\"893\">Detecci\u00f3n de movimiento inteligente<\/strong><\/p>\n<\/li>\n<li class=\"\" data-start=\"896\" data-end=\"937\">\n<p class=\"\" data-start=\"898\" data-end=\"937\"><strong data-start=\"898\" data-end=\"935\">Sensores perimetrales y volum\u00e9tricos<\/strong><\/p>\n<\/li>\n<li class=\"\" data-start=\"938\" data-end=\"986\">\n<p class=\"\" data-start=\"940\" data-end=\"986\"><strong data-start=\"940\" data-end=\"984\">Gesti\u00f3n remota mediante aplicaci\u00f3n m\u00f3vil<\/strong><\/p>\n<\/li>\n<li class=\"\" data-start=\"987\" data-end=\"1039\">\n<p class=\"\" data-start=\"989\" data-end=\"1039\"><strong data-start=\"989\" data-end=\"1037\">Conexi\u00f3n a central receptora de alarmas (CRA)<\/strong><\/p>\n<\/li>\n<li class=\"\" data-start=\"1040\" data-end=\"1103\">\n<p class=\"\" data-start=\"1042\" data-end=\"1103\"><strong data-start=\"1042\" data-end=\"1103\">Integraci\u00f3n con c\u00e1maras, videoporteros y control de accesos<\/strong><\/p>\n<\/li>\n<\/ul>\n<p><\/p>\n<p class=\"\" data-start=\"1105\" data-end=\"1260\">Con estos sistemas puedes recibir alertas en tiempo real, acceder al estado de tu alarma desde el m\u00f3vil y actuar con rapidez ante cualquier incidencia.<\/p>\n<h3 class=\"\" data-start=\"1262\" data-end=\"1307\">M\u00e1s seguridad con tecnolog\u00eda de confianza<\/h3>\n<p><\/p>\n<p class=\"\" data-start=\"1309\" data-end=\"1549\">Trabajamos con <strong data-start=\"1323\" data-end=\"1362\">marcas l\u00edderes en sistemas de alarma<\/strong> para garantizar la fiabilidad, durabilidad y facilidad de uso de los equipos. Adem\u00e1s nuestro equipo t\u00e9cnico te asesora en todo momento para escoger la mejor soluci\u00f3n para tu caso concreto.<\/p>\n<p><\/p>\n<p class=\"\" data-start=\"1551\" data-end=\"1679\">Tambi\u00e9n ofrecemos servicios de <strong data-start=\"1575\" data-end=\"1600\">mantenimiento preventivo<\/strong> y asistencia r\u00e1pida para asegurar que tu sistema est\u00e9 siempre operativo.<\/p>\n<h3 class=\"\" data-start=\"1681\" data-end=\"1708\"><strong>\u00bfPor qu\u00e9 elegir SERVITEC?<\/strong><\/h3>\n<p><\/p>\n<ul data-start=\"1710\" data-end=\"1922\">\n<li class=\"\" data-start=\"1710\" data-end=\"1775\">\n<p class=\"\" data-start=\"1712\" data-end=\"1775\">Experiencia en seguridad electr\u00f3nica y sistemas inteligentes<\/p>\n<\/li>\n<li class=\"\" data-start=\"1776\" data-end=\"1832\">\n<p class=\"\" data-start=\"1778\" data-end=\"1832\">Soluciones integrales con instalaci\u00f3n y soporte t\u00e9cnico<\/p>\n<\/li>\n<li class=\"\" data-start=\"1833\" data-end=\"1885\">\n<p class=\"\" data-start=\"1835\" data-end=\"1885\">Adaptaci\u00f3n total a las necesidades de cada cliente<\/p>\n<\/li>\n<li class=\"\" data-start=\"1886\" data-end=\"1922\">\n<p class=\"\" data-start=\"1888\" data-end=\"1922\">Equipo t\u00e9cnico cercano y profesional<\/p>\n<\/li>\n<\/ul>\n<hr class=\"\" data-start=\"1924\" data-end=\"1927\" \/>\n<h3 class=\"\" data-start=\"1929\" data-end=\"2004\">\u00bfQuieres proteger tu negocio o vivienda con un sistema de alarma eficaz?<\/h3>\n<p><\/p>\n<p class=\"\" data-start=\"2006\" data-end=\"2197\"><a href=\"https:\/\/servitec.tv\/es\/contacto\/\" target=\"_blank\" rel=\"noopener\">Contacta con <strong data-start=\"2019\" data-end=\"2031\">SERVITEC <\/strong><\/a>y te dise\u00f1aremos una soluci\u00f3n de<strong data-start=\"2019\" data-end=\"2031\"> seguridad personalizada<\/strong>, eficiente y escalable. Conf\u00eda en profesionales para proteger tu espacio con la tecnolog\u00eda m\u00e1s avanzada.<\/p>\n<p>&nbsp;[\/vc_column_text][vc_column_text el_class=\u00bbserveis-form-titol\u00bb]<\/p>\n<p><\/p>\n<p style=\"text-align: center;\">Formulario de contacto<\/p>\n<p><\/p>\n<p>[\/vc_column_text][vc_column_text el_class=\u00bbserveis-form-text\u00bb]<\/p>\n<p style=\"text-align: center;\">Envia un correo\u00a0electr\u00f3nico.<\/p>\n<p>&nbsp;[\/vc_column_text]<div role=\"form\" class=\"wpcf7\" id=\"wpcf7-f1546-o1\" lang=\"ca\" dir=\"ltr\">\n<div class=\"screen-reader-response\"><p role=\"status\" aria-live=\"polite\" aria-atomic=\"true\"><\/p> <ul><\/ul><\/div>\n<form action=\"\/es\/wp-json\/wp\/v2\/pages\/5060#wpcf7-f1546-o1\" method=\"post\" class=\"wpcf7-form init\" novalidate=\"novalidate\" data-status=\"init\">\n<div style=\"display: none;\">\n<input type=\"hidden\" name=\"_wpcf7\" value=\"1546\" \/>\n<input type=\"hidden\" name=\"_wpcf7_version\" value=\"5.6.3\" \/>\n<input type=\"hidden\" name=\"_wpcf7_locale\" value=\"ca\" \/>\n<input type=\"hidden\" name=\"_wpcf7_unit_tag\" value=\"wpcf7-f1546-o1\" \/>\n<input type=\"hidden\" name=\"_wpcf7_container_post\" value=\"0\" \/>\n<input type=\"hidden\" name=\"_wpcf7_posted_data_hash\" value=\"\" \/>\n<input type=\"hidden\" name=\"_wpcf7_recaptcha_response\" value=\"\" \/>\n<\/div>\n<p><label><br \/>\n    <span class=\"wpcf7-form-control-wrap\" data-name=\"your-name\"><input type=\"text\" name=\"your-name\" value=\"\" size=\"40\" class=\"wpcf7-form-control wpcf7-text wpcf7-validates-as-required\" aria-required=\"true\" aria-invalid=\"false\" placeholder=\"Nom i Cognoms *\" \/><\/span><\/label><\/p>\n<p><label><br \/>\n    <span class=\"wpcf7-form-control-wrap\" data-name=\"your-email\"><input type=\"email\" name=\"your-email\" value=\"\" size=\"40\" class=\"wpcf7-form-control wpcf7-text wpcf7-email wpcf7-validates-as-required wpcf7-validates-as-email\" aria-required=\"true\" aria-invalid=\"false\" placeholder=\"Correu electr\u00f2nic *\" \/><\/span> <\/label><\/p>\n<p><label><br \/>\n    <span class=\"wpcf7-form-control-wrap\" data-name=\"telefono\"><input type=\"tel\" name=\"telefono\" value=\"\" size=\"40\" class=\"wpcf7-form-control wpcf7-text wpcf7-tel wpcf7-validates-as-required wpcf7-validates-as-tel\" aria-required=\"true\" aria-invalid=\"false\" placeholder=\"Tel\u00e8fon *\" \/><\/span><\/label><\/p>\n<p><label><br \/>\n    <span class=\"wpcf7-form-control-wrap\" data-name=\"Adreca\"><input type=\"text\" name=\"Adreca\" value=\"\" size=\"40\" class=\"wpcf7-form-control wpcf7-text wpcf7-validates-as-required\" aria-required=\"true\" aria-invalid=\"false\" placeholder=\"Adre\u00e7a *\" \/><\/span><\/label><\/p>\n<p><label><br \/>\n    <span class=\"wpcf7-form-control-wrap\" data-name=\"Poblacio\"><input type=\"text\" name=\"Poblacio\" value=\"\" size=\"40\" class=\"wpcf7-form-control wpcf7-text wpcf7-validates-as-required\" aria-required=\"true\" aria-invalid=\"false\" placeholder=\"Poblaci\u00f3 *\" \/><\/span><\/label><\/p>\n<p><label><br \/>\n    <span class=\"wpcf7-form-control-wrap\" data-name=\"your-subject\"><input type=\"text\" name=\"your-subject\" value=\"\" size=\"40\" class=\"wpcf7-form-control wpcf7-text wpcf7-validates-as-required\" aria-required=\"true\" aria-invalid=\"false\" placeholder=\"Assumpte *\" \/><\/span> <\/label><\/p>\n<p><label><br \/>\n    <span class=\"wpcf7-form-control-wrap\" data-name=\"your-message\"><textarea name=\"your-message\" cols=\"40\" rows=\"10\" class=\"wpcf7-form-control wpcf7-textarea wpcf7-validates-as-required\" aria-required=\"true\" aria-invalid=\"false\" placeholder=\"Missatge *\"><\/textarea><\/span><br \/>\n<\/label><\/p>\n<p><span class=\"wpcf7-form-control-wrap\" data-name=\"checkbox-565\"><span class=\"wpcf7-form-control wpcf7-checkbox\"><span class=\"wpcf7-list-item first last\"><input type=\"checkbox\" name=\"checkbox-565[]\" value=\"Accepto rebre informaci\u00f3 comercial.\" \/><span class=\"wpcf7-list-item-label\">Accepto rebre informaci\u00f3 comercial.<\/span><\/span><\/span><\/span><br \/>\n<span class=\"wpcf7-form-control-wrap\" data-name=\"acceptance-637\"><span class=\"wpcf7-form-control wpcf7-acceptance\"><span class=\"wpcf7-list-item\"><label><input type=\"checkbox\" name=\"acceptance-637\" value=\"1\" aria-invalid=\"false\" \/><span class=\"wpcf7-list-item-label\">He llegit i accepto la <a href=\"\/politica-de-privacitat\" target=\"_blank\">Politica de Privacitat<\/a> (*)<\/span><\/label><\/span><\/span><\/span><\/p>\n<p><strong>* Tots els camps amb <u>asterisc<\/u> son obligatoris.<\/strong><\/p>\n<p><br\/><\/p>\n<h4>INFORMACI\u00d3 PROTECCI\u00d3 DE DADES DE SERVITEC<\/h4>\n<p><strong>Finalitats<\/strong>: Respondre a les seves sol\u00b7licituds i remetre-li informaci\u00f3 comercial dels nostres productes i serveis, fins i tot per correu electr\u00f2nic. <strong>Legitimaci\u00f3<\/strong>: Consentiment de l'interessat. Destinataris: No estan previstes cessions de dades. <strong>Drets<\/strong>: Pot retirar el seu consentiment a qualsevol moment, aix\u00ed com accedir, rectificar, suprimir les seves dades i altres drets a <a href=\"mailto:info@servitec.tv\">info@servitec.tv<\/a>. <strong>Informaci\u00f3 Addicional<\/strong>: Pot ampliar la informaci\u00f3 a l'enlla\u00e7 <a href=\"\/politica-de-privacitat\" target=\"_blank\">d'Avisos Legals<\/a>.<br \/>\n<br\/><\/p>\n<div class=\"enviar_form\"><input type=\"submit\" value=\"ENVIAR\" class=\"wpcf7-form-control has-spinner wpcf7-submit\" \/><\/div>\n<p style=\"display: none !important;\" class=\"akismet-fields-container\" data-prefix=\"_wpcf7_ak_\"><label>&#916;<textarea name=\"_wpcf7_ak_hp_textarea\" cols=\"45\" rows=\"8\" maxlength=\"100\"><\/textarea><\/label><input type=\"hidden\" id=\"ak_js_1\" name=\"_wpcf7_ak_js\" value=\"31\"\/><script>document.getElementById( \"ak_js_1\" ).setAttribute( \"value\", ( new Date() ).getTime() );<\/script><\/p><div class=\"wpcf7-response-output\" aria-hidden=\"true\"><\/div><\/form><\/div>[\/vc_column_inner][vc_column_inner width=\u00bb1\/3&#8243;][vc_raw_html]PHA+W3dpZGdldCBpZD0ibWVkaWFfaW1hZ2UtNSJdPC9wPg==[\/vc_raw_html][\/vc_column_inner][\/vc_row_inner][\/vc_column][\/vc_row]<\/p>\n","protected":false},"excerpt":{"rendered":"<p>[vc_row el_class=\u00bbserveis-content-header-title\u00bb][vc_column width=\u00bb1\/6&#8243; el_class=\u00bbimatge_serveis_clients\u00bb][vc_single_image image=\u00bb5135&#8243; alignment=\u00bbcenter\u00bb][\/vc_column][vc_column width=\u00bb5\/6&#8243;][vc_column_text] Alarmas [\/vc_column_text][\/vc_column][\/vc_row][vc_row full_width=\u00bbstretch_row_content_no_spaces\u00bb][vc_column][vc_single_image image=\u00bb5347&#8243; img_size=\u00bbfull\u00bb alignment=\u00bbcenter\u00bb el_class=\u00bbserveis-content-image\u00bb][\/vc_column][\/vc_row][vc_row full_width=\u00bbstretch_row_content\u00bb][vc_column][vc_row_inner el_class=\u00bbserveis-content-row\u00bb][vc_column_inner el_class=\u00bbserveis-content-form\u00bb width=\u00bb2\/3&#8243;][vc_column_text el_class=\u00bbserveis-content-text\u00bb] Sistemas de alarmas para empresas, comercios y viviendas En SERVITEC somos especialistas en la instalaci\u00f3n y mantenimiento de sistemas de alarma de seguridad, con sluciones dise\u00f1adas a medida para empresas, oficinas, almacenes, comercios y viviendas particulares.<\/p>\n","protected":false},"author":3,"featured_media":0,"parent":2305,"menu_order":0,"comment_status":"closed","ping_status":"closed","template":"","meta":{"_exactmetrics_skip_tracking":false,"_exactmetrics_sitenote_active":false,"_exactmetrics_sitenote_note":"","_exactmetrics_sitenote_category":0},"yoast_head":"<!-- This site is optimized with the Yoast SEO plugin v19.6.1 - https:\/\/yoast.com\/wordpress\/plugins\/seo\/ -->\n<title>Alarmas - Servitec<\/title>\n<meta name=\"description\" content=\"Ofrecemos sistemas de alarmas para empresas, oficinas, comercios, almacenes y viviendas particulares, adaptadas a cada espacio y necesidad.\" \/>\n<meta name=\"robots\" content=\"index, follow, max-snippet:-1, max-image-preview:large, max-video-preview:-1\" \/>\n<link rel=\"canonical\" href=\"https:\/\/servitec.tv\/serveis\/alarmes\/\" \/>\n<meta property=\"og:locale\" content=\"es_ES\" \/>\n<meta property=\"og:type\" content=\"article\" \/>\n<meta property=\"og:title\" content=\"Alarmas - Servitec\" \/>\n<meta property=\"og:description\" content=\"Ofrecemos sistemas de alarmas para empresas, oficinas, comercios, almacenes y viviendas particulares, adaptadas a cada espacio y necesidad.\" \/>\n<meta property=\"og:url\" content=\"https:\/\/servitec.tv\/serveis\/alarmes\/\" \/>\n<meta property=\"og:site_name\" content=\"Servitec\" \/>\n<meta property=\"article:modified_time\" content=\"2025-03-30T16:10:00+00:00\" \/>\n<meta name=\"twitter:card\" content=\"summary_large_image\" \/>\n<meta name=\"twitter:label1\" content=\"Tiempo de lectura\" \/>\n\t<meta name=\"twitter:data1\" content=\"1 minuto\" \/>\n<script type=\"application\/ld+json\" class=\"yoast-schema-graph\">{\"@context\":\"https:\/\/schema.org\",\"@graph\":[{\"@type\":\"WebPage\",\"@id\":\"https:\/\/servitec.tv\/serveis\/alarmes\/\",\"url\":\"https:\/\/servitec.tv\/serveis\/alarmes\/\",\"name\":\"Alarmas - Servitec\",\"isPartOf\":{\"@id\":\"https:\/\/servitec.tv\/#website\"},\"datePublished\":\"2025-03-21T13:10:43+00:00\",\"dateModified\":\"2025-03-30T16:10:00+00:00\",\"description\":\"Ofrecemos sistemas de alarmas para empresas, oficinas, comercios, almacenes y viviendas particulares, adaptadas a cada espacio y necesidad.\",\"breadcrumb\":{\"@id\":\"https:\/\/servitec.tv\/serveis\/alarmes\/#breadcrumb\"},\"inLanguage\":\"es\",\"potentialAction\":[{\"@type\":\"ReadAction\",\"target\":[\"https:\/\/servitec.tv\/serveis\/alarmes\/\"]}]},{\"@type\":\"BreadcrumbList\",\"@id\":\"https:\/\/servitec.tv\/serveis\/alarmes\/#breadcrumb\",\"itemListElement\":[{\"@type\":\"ListItem\",\"position\":1,\"name\":\"Inici\",\"item\":\"https:\/\/servitec.tv\/es\/\"},{\"@type\":\"ListItem\",\"position\":2,\"name\":\"Servicios\",\"item\":\"https:\/\/servitec.tv\/es\/servicios\/\"},{\"@type\":\"ListItem\",\"position\":3,\"name\":\"Alarmas\"}]},{\"@type\":\"WebSite\",\"@id\":\"https:\/\/servitec.tv\/#website\",\"url\":\"https:\/\/servitec.tv\/\",\"name\":\"Servitec\",\"description\":\"Telecomunicacions\",\"publisher\":{\"@id\":\"https:\/\/servitec.tv\/#organization\"},\"potentialAction\":[{\"@type\":\"SearchAction\",\"target\":{\"@type\":\"EntryPoint\",\"urlTemplate\":\"https:\/\/servitec.tv\/?s={search_term_string}\"},\"query-input\":\"required name=search_term_string\"}],\"inLanguage\":\"es\"},{\"@type\":\"Organization\",\"@id\":\"https:\/\/servitec.tv\/#organization\",\"name\":\"Servitec\",\"url\":\"https:\/\/servitec.tv\/\",\"sameAs\":[],\"logo\":{\"@type\":\"ImageObject\",\"inLanguage\":\"es\",\"@id\":\"https:\/\/servitec.tv\/#\/schema\/logo\/image\/\",\"url\":\"https:\/\/servitec.tv\/wp-content\/uploads\/2018\/11\/cropped-logotip-2-1.png\",\"contentUrl\":\"https:\/\/servitec.tv\/wp-content\/uploads\/2018\/11\/cropped-logotip-2-1.png\",\"width\":164,\"height\":51,\"caption\":\"Servitec\"},\"image\":{\"@id\":\"https:\/\/servitec.tv\/#\/schema\/logo\/image\/\"}}]}<\/script>\n<!-- \/ Yoast SEO plugin. -->","yoast_head_json":{"title":"Alarmas - Servitec","description":"Ofrecemos sistemas de alarmas para empresas, oficinas, comercios, almacenes y viviendas particulares, adaptadas a cada espacio y necesidad.","robots":{"index":"index","follow":"follow","max-snippet":"max-snippet:-1","max-image-preview":"max-image-preview:large","max-video-preview":"max-video-preview:-1"},"canonical":"https:\/\/servitec.tv\/serveis\/alarmes\/","og_locale":"es_ES","og_type":"article","og_title":"Alarmas - Servitec","og_description":"Ofrecemos sistemas de alarmas para empresas, oficinas, comercios, almacenes y viviendas particulares, adaptadas a cada espacio y necesidad.","og_url":"https:\/\/servitec.tv\/serveis\/alarmes\/","og_site_name":"Servitec","article_modified_time":"2025-03-30T16:10:00+00:00","twitter_card":"summary_large_image","twitter_misc":{"Tiempo de lectura":"1 minuto"},"schema":{"@context":"https:\/\/schema.org","@graph":[{"@type":"WebPage","@id":"https:\/\/servitec.tv\/serveis\/alarmes\/","url":"https:\/\/servitec.tv\/serveis\/alarmes\/","name":"Alarmas - Servitec","isPartOf":{"@id":"https:\/\/servitec.tv\/#website"},"datePublished":"2025-03-21T13:10:43+00:00","dateModified":"2025-03-30T16:10:00+00:00","description":"Ofrecemos sistemas de alarmas para empresas, oficinas, comercios, almacenes y viviendas particulares, adaptadas a cada espacio y necesidad.","breadcrumb":{"@id":"https:\/\/servitec.tv\/serveis\/alarmes\/#breadcrumb"},"inLanguage":"es","potentialAction":[{"@type":"ReadAction","target":["https:\/\/servitec.tv\/serveis\/alarmes\/"]}]},{"@type":"BreadcrumbList","@id":"https:\/\/servitec.tv\/serveis\/alarmes\/#breadcrumb","itemListElement":[{"@type":"ListItem","position":1,"name":"Inici","item":"https:\/\/servitec.tv\/es\/"},{"@type":"ListItem","position":2,"name":"Servicios","item":"https:\/\/servitec.tv\/es\/servicios\/"},{"@type":"ListItem","position":3,"name":"Alarmas"}]},{"@type":"WebSite","@id":"https:\/\/servitec.tv\/#website","url":"https:\/\/servitec.tv\/","name":"Servitec","description":"Telecomunicacions","publisher":{"@id":"https:\/\/servitec.tv\/#organization"},"potentialAction":[{"@type":"SearchAction","target":{"@type":"EntryPoint","urlTemplate":"https:\/\/servitec.tv\/?s={search_term_string}"},"query-input":"required name=search_term_string"}],"inLanguage":"es"},{"@type":"Organization","@id":"https:\/\/servitec.tv\/#organization","name":"Servitec","url":"https:\/\/servitec.tv\/","sameAs":[],"logo":{"@type":"ImageObject","inLanguage":"es","@id":"https:\/\/servitec.tv\/#\/schema\/logo\/image\/","url":"https:\/\/servitec.tv\/wp-content\/uploads\/2018\/11\/cropped-logotip-2-1.png","contentUrl":"https:\/\/servitec.tv\/wp-content\/uploads\/2018\/11\/cropped-logotip-2-1.png","width":164,"height":51,"caption":"Servitec"},"image":{"@id":"https:\/\/servitec.tv\/#\/schema\/logo\/image\/"}}]}},"_links":{"self":[{"href":"https:\/\/servitec.tv\/es\/wp-json\/wp\/v2\/pages\/5060"}],"collection":[{"href":"https:\/\/servitec.tv\/es\/wp-json\/wp\/v2\/pages"}],"about":[{"href":"https:\/\/servitec.tv\/es\/wp-json\/wp\/v2\/types\/page"}],"author":[{"embeddable":true,"href":"https:\/\/servitec.tv\/es\/wp-json\/wp\/v2\/users\/3"}],"replies":[{"embeddable":true,"href":"https:\/\/servitec.tv\/es\/wp-json\/wp\/v2\/comments?post=5060"}],"version-history":[{"count":40,"href":"https:\/\/servitec.tv\/es\/wp-json\/wp\/v2\/pages\/5060\/revisions"}],"predecessor-version":[{"id":5355,"href":"https:\/\/servitec.tv\/es\/wp-json\/wp\/v2\/pages\/5060\/revisions\/5355"}],"up":[{"embeddable":true,"href":"https:\/\/servitec.tv\/es\/wp-json\/wp\/v2\/pages\/2305"}],"wp:attachment":[{"href":"https:\/\/servitec.tv\/es\/wp-json\/wp\/v2\/media?parent=5060"}],"curies":[{"name":"wp","href":"https:\/\/api.w.org\/{rel}","templated":true}]}}