{"id":5046,"date":"2025-03-21T15:17:54","date_gmt":"2025-03-21T13:17:54","guid":{"rendered":"https:\/\/servitec.tv\/?page_id=5046"},"modified":"2025-03-30T18:15:23","modified_gmt":"2025-03-30T16:15:23","slug":"control-de-accesos","status":"publish","type":"page","link":"https:\/\/servitec.tv\/es\/servicios\/control-de-accesos\/","title":{"rendered":"Control de accesos"},"content":{"rendered":"<p>[vc_row el_class=\u00bbserveis-content-header-title\u00bb][vc_column width=\u00bb1\/6&#8243; el_class=\u00bbimatge_serveis_clients\u00bb][vc_single_image image=\u00bb5137&#8243; alignment=\u00bbcenter\u00bb][\/vc_column][vc_column width=\u00bb5\/6&#8243;][vc_column_text]<\/p>\n<p><\/p>\n<h1 style=\"color: white; font-size: 14.5px;\">Control de accesos<\/h1>\n<p><\/p>\n<p>[\/vc_column_text][\/vc_column][\/vc_row][vc_row full_width=\u00bbstretch_row_content_no_spaces\u00bb][vc_column][vc_single_image image=\u00bb5358&#8243; img_size=\u00bbfull\u00bb alignment=\u00bbcenter\u00bb el_class=\u00bbserveis-content-image\u00bb][\/vc_column][\/vc_row][vc_row full_width=\u00bbstretch_row_content\u00bb][vc_column][vc_row_inner el_class=\u00bbserveis-content-row\u00bb][vc_column_inner el_class=\u00bbserveis-content-form\u00bb width=\u00bb2\/3&#8243;][vc_column_text el_class=\u00bbserveis-content-text\u00bb]<\/p>\n<h2 class=\"\" data-start=\"286\" data-end=\"345\"><strong>Control de accesos para empresas, comunidades y edificios<\/strong><\/h2>\n<p><\/p>\n<p class=\"\" data-start=\"347\" data-end=\"669\">En <strong data-start=\"349\" data-end=\"361\">SERVITEC<\/strong> somos especialistas en <strong data-start=\"383\" data-end=\"417\">sistemas de control de accesos<\/strong> empresas, edificios corporativos, comunidades de vecinos, parkings, centros deportivos o espacios p\u00fablicos. Implementamos soluciones inteligentes, escalables y adaptadas a cada necesidad.<\/p>\n<h3 class=\"\" data-start=\"671\" data-end=\"729\"><strong>Soluciones de control de accesos adaptadas a cada espacio<\/strong><\/h3>\n<p><\/p>\n<p class=\"\" data-start=\"731\" data-end=\"844\">Dise\u00f1amos e instalamos <strong data-start=\"754\" data-end=\"809\">sistemas de control de accesos f\u00edsicos y electr\u00f3nicos<\/strong> con tecnolog\u00eda de \u00faltima generaci\u00f3n:<\/p>\n<ul data-start=\"846\" data-end=\"1124\">\n<li class=\"\" data-start=\"846\" data-end=\"900\">\n<p class=\"\" data-start=\"848\" data-end=\"900\">Lectura de tarjetas, c\u00f3digos PIN o claves electr\u00f3nicas<\/p>\n<\/li>\n<li class=\"\" data-start=\"901\" data-end=\"963\">\n<p class=\"\" data-start=\"903\" data-end=\"963\">Sistemas biom\u00e9tricos (huella digital, reconocimiento facial)<\/p>\n<\/li>\n<li class=\"\" data-start=\"964\" data-end=\"1004\">\n<p class=\"\" data-start=\"966\" data-end=\"1004\">Control remoto v\u00eda app o plataforma web<\/p>\n<\/li>\n<li class=\"\" data-start=\"1005\" data-end=\"1060\">\n<p class=\"\" data-start=\"1007\" data-end=\"1060\">Accesos mediante tel\u00e9fonos m\u00f3viles o c\u00f3digos temporales<\/p>\n<\/li>\n<li class=\"\" data-start=\"1061\" data-end=\"1124\">\n<p class=\"\" data-start=\"1063\" data-end=\"1124\">Integraci\u00f3n con c\u00e1maras de videovigilancia y sistemas de alarma<\/p>\n<\/li>\n<\/ul>\n<p><\/p>\n<p class=\"\" data-start=\"1126\" data-end=\"1248\">Nuestros sistemas permiten <strong data-start=\"1156\" data-end=\"1196\">gestionar qui\u00e9n puede acceder, cu\u00e1ndo y d\u00f3nde<\/strong>, mejorando la seguridad y el control en tiempo real.<\/p>\n<h3 class=\"\" data-start=\"1250\" data-end=\"1298\"><strong>Control de accesos para empresas y oficinas<\/strong><\/h3>\n<p><\/p>\n<p class=\"\" data-start=\"1300\" data-end=\"1537\">Implantamos soluciones que permiten controlar los movimientos dentro del edificio, limitar la entrada a zonas restringidas y realizar seguimiento de horarios del personal. Aumenta la seguridad y mejora la eficiencia de tu empresa con soluciones a medida.<\/p>\n<h3 class=\"\" data-start=\"1539\" data-end=\"1590\"><strong>Control de accesos para comunidades y parkings<\/strong><\/h3>\n<p><\/p>\n<p class=\"\" data-start=\"1592\" data-end=\"1795\">Ofrecemos sistemas para comunidades de propietarios y parkings que permiten gestionar los accesos de vecinos y usuarios autorizados, evitando intrusiones no deseadas y facilitando la gesti\u00f3n de los espacios comunes.<\/p>\n<h3 class=\"\" data-start=\"1797\" data-end=\"1829\"><strong>\u00bfPor qu\u00e9 confiar en SERVITEC?<\/strong><\/h3>\n<p><\/p>\n<ul data-start=\"1831\" data-end=\"2043\">\n<li class=\"\" data-start=\"1831\" data-end=\"1894\">\n<p class=\"\" data-start=\"1833\" data-end=\"1894\">M\u00e1s de 20 a\u00f1os de experiencia en seguridad y telecomunicaciones<\/p>\n<\/li>\n<li class=\"\" data-start=\"1895\" data-end=\"1940\">\n<p class=\"\" data-start=\"1897\" data-end=\"1940\">Servicio t\u00e9cnico propio y mantenimiento preventivo<\/p>\n<\/li>\n<li class=\"\" data-start=\"1941\" data-end=\"1997\">\n<p class=\"\" data-start=\"1943\" data-end=\"1997\">Soluciones integrales: asesor\u00eda, instalaci\u00f3n y soporte<\/p>\n<\/li>\n<li class=\"\" data-start=\"1998\" data-end=\"2043\">\n<p class=\"\" data-start=\"2000\" data-end=\"2043\">Equipos homologados y tecnolog\u00eda de confianza<\/p>\n<\/li>\n<\/ul>\n<hr class=\"\" data-start=\"2045\" data-end=\"2048\" \/>\n<h3 class=\"\" data-start=\"2050\" data-end=\"2110\"><strong>\u00bfQuieres mejorar el control y la seguridad de tu edificio?<\/strong><\/h3>\n<p><\/p>\n<p class=\"\" data-start=\"2112\" data-end=\"2290\">Contacta con nosotros y te asesoraremos sin compromiso. En <strong data-start=\"2171\" data-end=\"2183\">SERVITEC<\/strong>, te proponemos la mejor soluci\u00f3n en <strong data-start=\"2218\" data-end=\"2247\">control de accesos a medida<\/strong> para tu empresa, comunidad o negocio.<\/p>\n<p>[\/vc_column_text][vc_column_text el_class=\u00bbserveis-form-titol\u00bb]<\/p>\n<p style=\"text-align: center;\">Formulario de contacto<\/p>\n<p>[\/vc_column_text][vc_column_text el_class=\u00bbserveis-form-text\u00bb]<\/p>\n<p style=\"text-align: center;\">Env\u00eda un correo electr\u00f3nico.<\/p>\n<p>[\/vc_column_text]<div role=\"form\" class=\"wpcf7\" id=\"wpcf7-f1546-o1\" lang=\"ca\" dir=\"ltr\">\n<div class=\"screen-reader-response\"><p role=\"status\" aria-live=\"polite\" aria-atomic=\"true\"><\/p> <ul><\/ul><\/div>\n<form action=\"\/es\/wp-json\/wp\/v2\/pages\/5046#wpcf7-f1546-o1\" method=\"post\" class=\"wpcf7-form init\" novalidate=\"novalidate\" data-status=\"init\">\n<div style=\"display: none;\">\n<input type=\"hidden\" name=\"_wpcf7\" value=\"1546\" \/>\n<input type=\"hidden\" name=\"_wpcf7_version\" value=\"5.6.3\" \/>\n<input type=\"hidden\" name=\"_wpcf7_locale\" value=\"ca\" \/>\n<input type=\"hidden\" name=\"_wpcf7_unit_tag\" value=\"wpcf7-f1546-o1\" \/>\n<input type=\"hidden\" name=\"_wpcf7_container_post\" value=\"0\" \/>\n<input type=\"hidden\" name=\"_wpcf7_posted_data_hash\" value=\"\" \/>\n<input type=\"hidden\" name=\"_wpcf7_recaptcha_response\" value=\"\" \/>\n<\/div>\n<p><label><br \/>\n    <span class=\"wpcf7-form-control-wrap\" data-name=\"your-name\"><input type=\"text\" name=\"your-name\" value=\"\" size=\"40\" class=\"wpcf7-form-control wpcf7-text wpcf7-validates-as-required\" aria-required=\"true\" aria-invalid=\"false\" placeholder=\"Nom i Cognoms *\" \/><\/span><\/label><\/p>\n<p><label><br \/>\n    <span class=\"wpcf7-form-control-wrap\" data-name=\"your-email\"><input type=\"email\" name=\"your-email\" value=\"\" size=\"40\" class=\"wpcf7-form-control wpcf7-text wpcf7-email wpcf7-validates-as-required wpcf7-validates-as-email\" aria-required=\"true\" aria-invalid=\"false\" placeholder=\"Correu electr\u00f2nic *\" \/><\/span> <\/label><\/p>\n<p><label><br \/>\n    <span class=\"wpcf7-form-control-wrap\" data-name=\"telefono\"><input type=\"tel\" name=\"telefono\" value=\"\" size=\"40\" class=\"wpcf7-form-control wpcf7-text wpcf7-tel wpcf7-validates-as-required wpcf7-validates-as-tel\" aria-required=\"true\" aria-invalid=\"false\" placeholder=\"Tel\u00e8fon *\" \/><\/span><\/label><\/p>\n<p><label><br \/>\n    <span class=\"wpcf7-form-control-wrap\" data-name=\"Adreca\"><input type=\"text\" name=\"Adreca\" value=\"\" size=\"40\" class=\"wpcf7-form-control wpcf7-text wpcf7-validates-as-required\" aria-required=\"true\" aria-invalid=\"false\" placeholder=\"Adre\u00e7a *\" \/><\/span><\/label><\/p>\n<p><label><br \/>\n    <span class=\"wpcf7-form-control-wrap\" data-name=\"Poblacio\"><input type=\"text\" name=\"Poblacio\" value=\"\" size=\"40\" class=\"wpcf7-form-control wpcf7-text wpcf7-validates-as-required\" aria-required=\"true\" aria-invalid=\"false\" placeholder=\"Poblaci\u00f3 *\" \/><\/span><\/label><\/p>\n<p><label><br \/>\n    <span class=\"wpcf7-form-control-wrap\" data-name=\"your-subject\"><input type=\"text\" name=\"your-subject\" value=\"\" size=\"40\" class=\"wpcf7-form-control wpcf7-text wpcf7-validates-as-required\" aria-required=\"true\" aria-invalid=\"false\" placeholder=\"Assumpte *\" \/><\/span> <\/label><\/p>\n<p><label><br \/>\n    <span class=\"wpcf7-form-control-wrap\" data-name=\"your-message\"><textarea name=\"your-message\" cols=\"40\" rows=\"10\" class=\"wpcf7-form-control wpcf7-textarea wpcf7-validates-as-required\" aria-required=\"true\" aria-invalid=\"false\" placeholder=\"Missatge *\"><\/textarea><\/span><br \/>\n<\/label><\/p>\n<p><span class=\"wpcf7-form-control-wrap\" data-name=\"checkbox-565\"><span class=\"wpcf7-form-control wpcf7-checkbox\"><span class=\"wpcf7-list-item first last\"><input type=\"checkbox\" name=\"checkbox-565[]\" value=\"Accepto rebre informaci\u00f3 comercial.\" \/><span class=\"wpcf7-list-item-label\">Accepto rebre informaci\u00f3 comercial.<\/span><\/span><\/span><\/span><br \/>\n<span class=\"wpcf7-form-control-wrap\" data-name=\"acceptance-637\"><span class=\"wpcf7-form-control wpcf7-acceptance\"><span class=\"wpcf7-list-item\"><label><input type=\"checkbox\" name=\"acceptance-637\" value=\"1\" aria-invalid=\"false\" \/><span class=\"wpcf7-list-item-label\">He llegit i accepto la <a href=\"\/politica-de-privacitat\" target=\"_blank\">Politica de Privacitat<\/a> (*)<\/span><\/label><\/span><\/span><\/span><\/p>\n<p><strong>* Tots els camps amb <u>asterisc<\/u> son obligatoris.<\/strong><\/p>\n<p><br\/><\/p>\n<h4>INFORMACI\u00d3 PROTECCI\u00d3 DE DADES DE SERVITEC<\/h4>\n<p><strong>Finalitats<\/strong>: Respondre a les seves sol\u00b7licituds i remetre-li informaci\u00f3 comercial dels nostres productes i serveis, fins i tot per correu electr\u00f2nic. <strong>Legitimaci\u00f3<\/strong>: Consentiment de l'interessat. Destinataris: No estan previstes cessions de dades. <strong>Drets<\/strong>: Pot retirar el seu consentiment a qualsevol moment, aix\u00ed com accedir, rectificar, suprimir les seves dades i altres drets a <a href=\"mailto:info@servitec.tv\">info@servitec.tv<\/a>. <strong>Informaci\u00f3 Addicional<\/strong>: Pot ampliar la informaci\u00f3 a l'enlla\u00e7 <a href=\"\/politica-de-privacitat\" target=\"_blank\">d'Avisos Legals<\/a>.<br \/>\n<br\/><\/p>\n<div class=\"enviar_form\"><input type=\"submit\" value=\"ENVIAR\" class=\"wpcf7-form-control has-spinner wpcf7-submit\" \/><\/div>\n<p style=\"display: none !important;\" class=\"akismet-fields-container\" data-prefix=\"_wpcf7_ak_\"><label>&#916;<textarea name=\"_wpcf7_ak_hp_textarea\" cols=\"45\" rows=\"8\" maxlength=\"100\"><\/textarea><\/label><input type=\"hidden\" id=\"ak_js_1\" name=\"_wpcf7_ak_js\" value=\"3\"\/><script>document.getElementById( \"ak_js_1\" ).setAttribute( \"value\", ( new Date() ).getTime() );<\/script><\/p><div class=\"wpcf7-response-output\" aria-hidden=\"true\"><\/div><\/form><\/div>[\/vc_column_inner][vc_column_inner width=\u00bb1\/3&#8243;][vc_raw_html]W3dpZGdldCBpZD0ibWVkaWFfaW1hZ2UtNSJd[\/vc_raw_html][\/vc_column_inner][\/vc_row_inner][\/vc_column][\/vc_row]<\/p>\n","protected":false},"excerpt":{"rendered":"<p>[vc_row el_class=\u00bbserveis-content-header-title\u00bb][vc_column width=\u00bb1\/6&#8243; el_class=\u00bbimatge_serveis_clients\u00bb][vc_single_image image=\u00bb5137&#8243; alignment=\u00bbcenter\u00bb][\/vc_column][vc_column width=\u00bb5\/6&#8243;][vc_column_text] Control de accesos [\/vc_column_text][\/vc_column][\/vc_row][vc_row full_width=\u00bbstretch_row_content_no_spaces\u00bb][vc_column][vc_single_image image=\u00bb5358&#8243; img_size=\u00bbfull\u00bb alignment=\u00bbcenter\u00bb el_class=\u00bbserveis-content-image\u00bb][\/vc_column][\/vc_row][vc_row full_width=\u00bbstretch_row_content\u00bb][vc_column][vc_row_inner el_class=\u00bbserveis-content-row\u00bb][vc_column_inner el_class=\u00bbserveis-content-form\u00bb width=\u00bb2\/3&#8243;][vc_column_text el_class=\u00bbserveis-content-text\u00bb] Control de accesos para empresas, comunidades y edificios En SERVITEC somos especialistas en sistemas de control de accesos empresas, edificios corporativos, comunidades de vecinos, parkings, centros deportivos o espacios p\u00fablicos. Implementamos soluciones inteligentes, escalables<\/p>\n","protected":false},"author":3,"featured_media":0,"parent":2305,"menu_order":0,"comment_status":"closed","ping_status":"closed","template":"","meta":{"_exactmetrics_skip_tracking":false,"_exactmetrics_sitenote_active":false,"_exactmetrics_sitenote_note":"","_exactmetrics_sitenote_category":0},"yoast_head":"<!-- This site is optimized with the Yoast SEO plugin v19.6.1 - https:\/\/yoast.com\/wordpress\/plugins\/seo\/ -->\n<title>Control de accesos - Servitec<\/title>\n<meta name=\"description\" content=\"Instalaci\u00f3n de sistemas de control de accesos. Soluciones dirigidas a empresas, oficinas, almacenes, aparcamientos, centros deportivos, ...\" \/>\n<meta name=\"robots\" content=\"index, follow, max-snippet:-1, max-image-preview:large, max-video-preview:-1\" \/>\n<link rel=\"canonical\" href=\"https:\/\/servitec.tv\/serveis\/control-daccessos\/\" \/>\n<meta property=\"og:locale\" content=\"es_ES\" \/>\n<meta property=\"og:type\" content=\"article\" \/>\n<meta property=\"og:title\" content=\"Control de accesos - Servitec\" \/>\n<meta property=\"og:description\" content=\"Instalaci\u00f3n de sistemas de control de accesos. Soluciones dirigidas a empresas, oficinas, almacenes, aparcamientos, centros deportivos, ...\" \/>\n<meta property=\"og:url\" content=\"https:\/\/servitec.tv\/serveis\/control-daccessos\/\" \/>\n<meta property=\"og:site_name\" content=\"Servitec\" \/>\n<meta property=\"article:modified_time\" content=\"2025-03-30T16:15:23+00:00\" \/>\n<meta name=\"twitter:card\" content=\"summary_large_image\" \/>\n<meta name=\"twitter:label1\" content=\"Tiempo de lectura\" \/>\n\t<meta name=\"twitter:data1\" content=\"1 minuto\" \/>\n<script type=\"application\/ld+json\" class=\"yoast-schema-graph\">{\"@context\":\"https:\/\/schema.org\",\"@graph\":[{\"@type\":\"WebPage\",\"@id\":\"https:\/\/servitec.tv\/serveis\/control-daccessos\/\",\"url\":\"https:\/\/servitec.tv\/serveis\/control-daccessos\/\",\"name\":\"Control de accesos - Servitec\",\"isPartOf\":{\"@id\":\"https:\/\/servitec.tv\/#website\"},\"datePublished\":\"2025-03-21T13:17:54+00:00\",\"dateModified\":\"2025-03-30T16:15:23+00:00\",\"description\":\"Instalaci\u00f3n de sistemas de control de accesos. Soluciones dirigidas a empresas, oficinas, almacenes, aparcamientos, centros deportivos, ...\",\"breadcrumb\":{\"@id\":\"https:\/\/servitec.tv\/serveis\/control-daccessos\/#breadcrumb\"},\"inLanguage\":\"es\",\"potentialAction\":[{\"@type\":\"ReadAction\",\"target\":[\"https:\/\/servitec.tv\/serveis\/control-daccessos\/\"]}]},{\"@type\":\"BreadcrumbList\",\"@id\":\"https:\/\/servitec.tv\/serveis\/control-daccessos\/#breadcrumb\",\"itemListElement\":[{\"@type\":\"ListItem\",\"position\":1,\"name\":\"Inici\",\"item\":\"https:\/\/servitec.tv\/es\/\"},{\"@type\":\"ListItem\",\"position\":2,\"name\":\"Servicios\",\"item\":\"https:\/\/servitec.tv\/es\/servicios\/\"},{\"@type\":\"ListItem\",\"position\":3,\"name\":\"Control de accesos\"}]},{\"@type\":\"WebSite\",\"@id\":\"https:\/\/servitec.tv\/#website\",\"url\":\"https:\/\/servitec.tv\/\",\"name\":\"Servitec\",\"description\":\"Telecomunicacions\",\"publisher\":{\"@id\":\"https:\/\/servitec.tv\/#organization\"},\"potentialAction\":[{\"@type\":\"SearchAction\",\"target\":{\"@type\":\"EntryPoint\",\"urlTemplate\":\"https:\/\/servitec.tv\/?s={search_term_string}\"},\"query-input\":\"required name=search_term_string\"}],\"inLanguage\":\"es\"},{\"@type\":\"Organization\",\"@id\":\"https:\/\/servitec.tv\/#organization\",\"name\":\"Servitec\",\"url\":\"https:\/\/servitec.tv\/\",\"sameAs\":[],\"logo\":{\"@type\":\"ImageObject\",\"inLanguage\":\"es\",\"@id\":\"https:\/\/servitec.tv\/#\/schema\/logo\/image\/\",\"url\":\"https:\/\/servitec.tv\/wp-content\/uploads\/2018\/11\/cropped-logotip-2-1.png\",\"contentUrl\":\"https:\/\/servitec.tv\/wp-content\/uploads\/2018\/11\/cropped-logotip-2-1.png\",\"width\":164,\"height\":51,\"caption\":\"Servitec\"},\"image\":{\"@id\":\"https:\/\/servitec.tv\/#\/schema\/logo\/image\/\"}}]}<\/script>\n<!-- \/ Yoast SEO plugin. -->","yoast_head_json":{"title":"Control de accesos - Servitec","description":"Instalaci\u00f3n de sistemas de control de accesos. Soluciones dirigidas a empresas, oficinas, almacenes, aparcamientos, centros deportivos, ...","robots":{"index":"index","follow":"follow","max-snippet":"max-snippet:-1","max-image-preview":"max-image-preview:large","max-video-preview":"max-video-preview:-1"},"canonical":"https:\/\/servitec.tv\/serveis\/control-daccessos\/","og_locale":"es_ES","og_type":"article","og_title":"Control de accesos - Servitec","og_description":"Instalaci\u00f3n de sistemas de control de accesos. Soluciones dirigidas a empresas, oficinas, almacenes, aparcamientos, centros deportivos, ...","og_url":"https:\/\/servitec.tv\/serveis\/control-daccessos\/","og_site_name":"Servitec","article_modified_time":"2025-03-30T16:15:23+00:00","twitter_card":"summary_large_image","twitter_misc":{"Tiempo de lectura":"1 minuto"},"schema":{"@context":"https:\/\/schema.org","@graph":[{"@type":"WebPage","@id":"https:\/\/servitec.tv\/serveis\/control-daccessos\/","url":"https:\/\/servitec.tv\/serveis\/control-daccessos\/","name":"Control de accesos - Servitec","isPartOf":{"@id":"https:\/\/servitec.tv\/#website"},"datePublished":"2025-03-21T13:17:54+00:00","dateModified":"2025-03-30T16:15:23+00:00","description":"Instalaci\u00f3n de sistemas de control de accesos. Soluciones dirigidas a empresas, oficinas, almacenes, aparcamientos, centros deportivos, ...","breadcrumb":{"@id":"https:\/\/servitec.tv\/serveis\/control-daccessos\/#breadcrumb"},"inLanguage":"es","potentialAction":[{"@type":"ReadAction","target":["https:\/\/servitec.tv\/serveis\/control-daccessos\/"]}]},{"@type":"BreadcrumbList","@id":"https:\/\/servitec.tv\/serveis\/control-daccessos\/#breadcrumb","itemListElement":[{"@type":"ListItem","position":1,"name":"Inici","item":"https:\/\/servitec.tv\/es\/"},{"@type":"ListItem","position":2,"name":"Servicios","item":"https:\/\/servitec.tv\/es\/servicios\/"},{"@type":"ListItem","position":3,"name":"Control de accesos"}]},{"@type":"WebSite","@id":"https:\/\/servitec.tv\/#website","url":"https:\/\/servitec.tv\/","name":"Servitec","description":"Telecomunicacions","publisher":{"@id":"https:\/\/servitec.tv\/#organization"},"potentialAction":[{"@type":"SearchAction","target":{"@type":"EntryPoint","urlTemplate":"https:\/\/servitec.tv\/?s={search_term_string}"},"query-input":"required name=search_term_string"}],"inLanguage":"es"},{"@type":"Organization","@id":"https:\/\/servitec.tv\/#organization","name":"Servitec","url":"https:\/\/servitec.tv\/","sameAs":[],"logo":{"@type":"ImageObject","inLanguage":"es","@id":"https:\/\/servitec.tv\/#\/schema\/logo\/image\/","url":"https:\/\/servitec.tv\/wp-content\/uploads\/2018\/11\/cropped-logotip-2-1.png","contentUrl":"https:\/\/servitec.tv\/wp-content\/uploads\/2018\/11\/cropped-logotip-2-1.png","width":164,"height":51,"caption":"Servitec"},"image":{"@id":"https:\/\/servitec.tv\/#\/schema\/logo\/image\/"}}]}},"_links":{"self":[{"href":"https:\/\/servitec.tv\/es\/wp-json\/wp\/v2\/pages\/5046"}],"collection":[{"href":"https:\/\/servitec.tv\/es\/wp-json\/wp\/v2\/pages"}],"about":[{"href":"https:\/\/servitec.tv\/es\/wp-json\/wp\/v2\/types\/page"}],"author":[{"embeddable":true,"href":"https:\/\/servitec.tv\/es\/wp-json\/wp\/v2\/users\/3"}],"replies":[{"embeddable":true,"href":"https:\/\/servitec.tv\/es\/wp-json\/wp\/v2\/comments?post=5046"}],"version-history":[{"count":28,"href":"https:\/\/servitec.tv\/es\/wp-json\/wp\/v2\/pages\/5046\/revisions"}],"predecessor-version":[{"id":5367,"href":"https:\/\/servitec.tv\/es\/wp-json\/wp\/v2\/pages\/5046\/revisions\/5367"}],"up":[{"embeddable":true,"href":"https:\/\/servitec.tv\/es\/wp-json\/wp\/v2\/pages\/2305"}],"wp:attachment":[{"href":"https:\/\/servitec.tv\/es\/wp-json\/wp\/v2\/media?parent=5046"}],"curies":[{"name":"wp","href":"https:\/\/api.w.org\/{rel}","templated":true}]}}