{"id":4523,"date":"2023-11-13T15:03:58","date_gmt":"2023-11-13T13:03:58","guid":{"rendered":"https:\/\/servitec.tv\/fibramovil\/"},"modified":"2023-11-17T03:35:28","modified_gmt":"2023-11-17T01:35:28","slug":"fibramovil","status":"publish","type":"page","link":"https:\/\/servitec.tv\/es\/fibramovil\/","title":{"rendered":"Fibra+M\u00f3vil"},"content":{"rendered":"<p>[vc_row][vc_column][vc_row_inner el_class=\u00bbclients-row\u00bb][vc_column_inner][vc_column_text el_class=\u00bbmovistar\u00bb]<\/p>\n<p style=\"text-align: center;\">FIBRA + M\u00d3VILES<\/p>\n<p>[\/vc_column_text][vc_column_text el_class=\u00bbmovistar-subheader\u00bb css=\u00bb.vc_custom_1699442652168{margin-bottom: 50px !important;}\u00bb]<\/p>\n<div style=\"padding: 20px;\">\n<p style=\"font-size: 18px; color: #333; font-family: 'Helvetica Neue', Helvetica, Arial, sans-serif;\"><strong>Todas las comunicaciones.<\/strong> Una \u00fanica soluci\u00f3n.<\/p>\n<div style=\"background-color: #ffffff; padding: 15px; margin-top: 10px; margin-bottom: 10px; border-left: 4px solid #007bff; box-shadow: 0 2px 4px rgba(0, 0, 0, 0.05);\">\n<h3 style=\"color: #555; margin-top: 0;\">La mejor red de fibra,<\/h3>\n<h3 style=\"color: #555;\">televisi\u00f3n y todas las l\u00edneas m\u00f3viles<\/h3>\n<h3 style=\"color: #555;\">adicionales que necesites.<\/h3>\n<\/div>\n<h4 style=\"font-size: 18px; color: #333; line-height: 1.6; font-family: 'Helvetica Neue', Helvetica, Arial, sans-serif;\">\u00bfSe te ocurre una mejor manera de conectar?<\/h4>\n<\/div>\n<p>[\/vc_column_text][vc_custom_heading text=\u00bb\u00bfQu\u00e9 necesitas?\u00bb font_container=\u00bbtag:h2|font_size:35|text_align:center\u00bb el_class=\u00bbhome_titols home_titols_assistencia\u00bb][\/vc_column_inner][\/vc_row_inner][vc_single_image image=\u00bb4417&#8243; img_size=\u00bbfull\u00bb alignment=\u00bbcenter\u00bb][\/vc_column][\/vc_row][vc_row el_class=\u00bbcontact_form\u00bb][vc_column][vc_custom_heading text=\u00bbM\u00e1s informaci\u00f3n.\u00bb font_container=\u00bbtag:h2|text_align:center\u00bb el_class=\u00bbhome_titols home_titols_assistencia\u00bb][vc_column_text el_class=\u00bbhome_bottom_intro\u00bb]Para contratar un paquete o cualquier otra consulta, completa el siguiente formulario:[\/vc_column_text]<div role=\"form\" class=\"wpcf7\" id=\"wpcf7-f2432-o1\" lang=\"ca\" dir=\"ltr\">\n<div class=\"screen-reader-response\"><p role=\"status\" aria-live=\"polite\" aria-atomic=\"true\"><\/p> <ul><\/ul><\/div>\n<form action=\"\/es\/wp-json\/wp\/v2\/pages\/4523#wpcf7-f2432-o1\" method=\"post\" class=\"wpcf7-form init\" novalidate=\"novalidate\" data-status=\"init\">\n<div style=\"display: none;\">\n<input type=\"hidden\" name=\"_wpcf7\" value=\"2432\" \/>\n<input type=\"hidden\" name=\"_wpcf7_version\" value=\"5.6.3\" \/>\n<input type=\"hidden\" name=\"_wpcf7_locale\" value=\"ca\" \/>\n<input type=\"hidden\" name=\"_wpcf7_unit_tag\" value=\"wpcf7-f2432-o1\" \/>\n<input type=\"hidden\" name=\"_wpcf7_container_post\" value=\"0\" \/>\n<input type=\"hidden\" name=\"_wpcf7_posted_data_hash\" value=\"\" \/>\n<input type=\"hidden\" name=\"_wpcf7_recaptcha_response\" value=\"\" \/>\n<\/div>\n<p><label><br \/>\n    <span class=\"wpcf7-form-control-wrap\" data-name=\"your-name\"><input type=\"text\" name=\"your-name\" value=\"\" size=\"40\" class=\"wpcf7-form-control wpcf7-text wpcf7-validates-as-required\" aria-required=\"true\" aria-invalid=\"false\" placeholder=\"Nombre y apellidos *\" \/><\/span> <\/label><\/p>\n<p><label><br \/>\n    <span class=\"wpcf7-form-control-wrap\" data-name=\"your-email\"><input type=\"email\" name=\"your-email\" value=\"\" size=\"40\" class=\"wpcf7-form-control wpcf7-text wpcf7-email wpcf7-validates-as-required wpcf7-validates-as-email\" aria-required=\"true\" aria-invalid=\"false\" placeholder=\"Correo electr\u00f3nico *\" \/><\/span> <\/label><\/p>\n<p><label><br \/>\n    <span class=\"wpcf7-form-control-wrap\" data-name=\"telefono\"><input type=\"tel\" name=\"telefono\" value=\"\" size=\"40\" class=\"wpcf7-form-control wpcf7-text wpcf7-tel wpcf7-validates-as-required wpcf7-validates-as-tel\" aria-required=\"true\" aria-invalid=\"false\" placeholder=\"Tel\u00e9fono *\" \/><\/span><\/label><\/p>\n<p><label><br \/>\n    <span class=\"wpcf7-form-control-wrap\" data-name=\"Direccion\"><input type=\"text\" name=\"Direccion\" value=\"\" size=\"40\" class=\"wpcf7-form-control wpcf7-text wpcf7-validates-as-required\" aria-required=\"true\" aria-invalid=\"false\" placeholder=\"Direcci\u00f3n *\" \/><\/span><\/label><\/p>\n<p><label><br \/>\n    <span class=\"wpcf7-form-control-wrap\" data-name=\"poblacion\"><input type=\"text\" name=\"poblacion\" value=\"\" size=\"40\" class=\"wpcf7-form-control wpcf7-text wpcf7-validates-as-required\" aria-required=\"true\" aria-invalid=\"false\" placeholder=\"Poblaci\u00f3n *\" \/><\/span><\/label><\/p>\n<p><label><br \/>\n    <span class=\"wpcf7-form-control-wrap\" data-name=\"your-subject\"><input type=\"text\" name=\"your-subject\" value=\"\" size=\"40\" class=\"wpcf7-form-control wpcf7-text\" aria-invalid=\"false\" placeholder=\"Asunto *\" \/><\/span> <\/label><\/p>\n<p><label><br \/>\n    <span class=\"wpcf7-form-control-wrap\" data-name=\"your-message\"><textarea name=\"your-message\" cols=\"40\" rows=\"10\" class=\"wpcf7-form-control wpcf7-textarea\" aria-invalid=\"false\" placeholder=\"Mensaje *\"><\/textarea><\/span> <\/label><\/p>\n<p><span class=\"wpcf7-form-control-wrap\" data-name=\"checkbox-565\"><span class=\"wpcf7-form-control wpcf7-checkbox\"><span class=\"wpcf7-list-item first last\"><input type=\"checkbox\" name=\"checkbox-565[]\" value=\"Acepto recibir informaci\u00f3n comercial.\" \/><span class=\"wpcf7-list-item-label\">Acepto recibir informaci\u00f3n comercial.<\/span><\/span><\/span><\/span><br \/>\n<span class=\"wpcf7-form-control-wrap\" data-name=\"acceptance-637\"><span class=\"wpcf7-form-control wpcf7-acceptance\"><span class=\"wpcf7-list-item\"><label><input type=\"checkbox\" name=\"acceptance-637\" value=\"1\" aria-invalid=\"false\" \/><span class=\"wpcf7-list-item-label\">He le\u00eddo y acepto la <a href=\"\/politica-de-privacitat\" target=\"_blank\">Pol\u00edtica de Privacidad<\/a> (*)<\/span><\/label><\/span><\/span><\/span><\/p>\n<p><strong>* Todos los campos con <u>asterisco<\/u> son obligatorios.<\/strong><\/p>\n<p><br\/><\/p>\n<h4>INFORMACI\u00d3N PROTECCI\u00d3N DE DATOS DE SERVITEC<\/h4>\n<p><strong>Finalidades<\/strong>: Responder a sus solicitudes y remitirle informaci\u00f3n comercial de nuestros productos y servicios, incluso por correo electr\u00f3nico. <strong>Legitimaci\u00f3n<\/strong>: Consentimiento del interesado. Destinatarios: No est\u00e1n previstas cesiones de datos. <strong>Derechos<\/strong>: Puede retirar su consentimiento en cualquier momento, as\u00ed como acceder, rectificar, suprimir sus datos y otros derechos a <a href=\"mailto:info@servitec.tv\">info@servitec.tv<\/a>. <strong>Informaci\u00f3n Adicional<\/strong>: Puede ampliar la informaci\u00f3n en el enlace <a href=\"\/politica-de-privacidad\" target=\"_blank\">de Avisos Legales<\/a>.<br \/>\n<br\/><\/p>\n<div class=\"enviar_form\"><input type=\"submit\" value=\"ENVIAR\" class=\"wpcf7-form-control has-spinner wpcf7-submit\" \/><\/div>\n<p style=\"display: none !important;\" class=\"akismet-fields-container\" data-prefix=\"_wpcf7_ak_\"><label>&#916;<textarea name=\"_wpcf7_ak_hp_textarea\" cols=\"45\" rows=\"8\" maxlength=\"100\"><\/textarea><\/label><input type=\"hidden\" id=\"ak_js_1\" name=\"_wpcf7_ak_js\" value=\"115\"\/><script>document.getElementById( \"ak_js_1\" ).setAttribute( \"value\", ( new Date() ).getTime() );<\/script><\/p><div class=\"wpcf7-response-output\" aria-hidden=\"true\"><\/div><\/form><\/div>[\/vc_column][\/vc_row]<\/p>\n","protected":false},"excerpt":{"rendered":"<p>[vc_row][vc_column][vc_row_inner el_class=\u00bbclients-row\u00bb][vc_column_inner][vc_column_text el_class=\u00bbmovistar\u00bb] FIBRA + M\u00d3VILES [\/vc_column_text][vc_column_text el_class=\u00bbmovistar-subheader\u00bb css=\u00bb.vc_custom_1699442652168{margin-bottom: 50px !important;}\u00bb] Todas las comunicaciones. Una \u00fanica soluci\u00f3n. La mejor red de fibra, televisi\u00f3n y todas las l\u00edneas m\u00f3viles adicionales que necesites. \u00bfSe te ocurre una mejor manera de conectar? [\/vc_column_text][vc_custom_heading text=\u00bb\u00bfQu\u00e9 necesitas?\u00bb font_container=\u00bbtag:h2|font_size:35|text_align:center\u00bb el_class=\u00bbhome_titols home_titols_assistencia\u00bb][\/vc_column_inner][\/vc_row_inner][vc_single_image image=\u00bb4417&#8243; img_size=\u00bbfull\u00bb alignment=\u00bbcenter\u00bb][\/vc_column][\/vc_row][vc_row el_class=\u00bbcontact_form\u00bb][vc_column][vc_custom_heading text=\u00bbM\u00e1s informaci\u00f3n.\u00bb font_container=\u00bbtag:h2|text_align:center\u00bb el_class=\u00bbhome_titols home_titols_assistencia\u00bb][vc_column_text el_class=\u00bbhome_bottom_intro\u00bb]Para<\/p>\n","protected":false},"author":4,"featured_media":0,"parent":0,"menu_order":0,"comment_status":"closed","ping_status":"closed","template":"","meta":{"_exactmetrics_skip_tracking":false,"_exactmetrics_sitenote_active":false,"_exactmetrics_sitenote_note":"","_exactmetrics_sitenote_category":0},"yoast_head":"<!-- This site is optimized with the Yoast SEO plugin v19.6.1 - https:\/\/yoast.com\/wordpress\/plugins\/seo\/ -->\n<title>Fibra+M\u00f3vil - Servitec<\/title>\n<meta name=\"description\" content=\"A SERVITEC, us podeu beneficiar de les millors promocions d\u2019alta de Movistar+ a cada moment, i el servei integral de les nostres consultes t\u00e8cniques, canvi d\u2019aparells, comandament a dist\u00e0ncia, instal\u00b7lacions d\u2019Iplus, Multiplus\u2026 aix\u00ed com la gesti\u00f3 de la pr\u00e0ctica totalitat de serveis de Movistar+.\" \/>\n<meta name=\"robots\" content=\"index, follow, max-snippet:-1, max-image-preview:large, max-video-preview:-1\" \/>\n<link rel=\"canonical\" href=\"https:\/\/servitec.tv\/es\/fibramovil\/\" \/>\n<meta property=\"og:locale\" content=\"es_ES\" \/>\n<meta property=\"og:type\" content=\"article\" \/>\n<meta property=\"og:title\" content=\"Fibra+M\u00f3vil - Servitec\" \/>\n<meta property=\"og:description\" content=\"A SERVITEC, us podeu beneficiar de les millors promocions d\u2019alta de Movistar+ a cada moment, i el servei integral de les nostres consultes t\u00e8cniques, canvi d\u2019aparells, comandament a dist\u00e0ncia, instal\u00b7lacions d\u2019Iplus, Multiplus\u2026 aix\u00ed com la gesti\u00f3 de la pr\u00e0ctica totalitat de serveis de Movistar+.\" \/>\n<meta property=\"og:url\" content=\"https:\/\/servitec.tv\/es\/fibramovil\/\" \/>\n<meta property=\"og:site_name\" content=\"Servitec\" \/>\n<meta property=\"article:modified_time\" content=\"2023-11-17T01:35:28+00:00\" \/>\n<meta name=\"twitter:card\" content=\"summary_large_image\" \/>\n<meta name=\"twitter:label1\" content=\"Tiempo de lectura\" \/>\n\t<meta name=\"twitter:data1\" content=\"1 minuto\" \/>\n<script type=\"application\/ld+json\" class=\"yoast-schema-graph\">{\"@context\":\"https:\/\/schema.org\",\"@graph\":[{\"@type\":\"WebPage\",\"@id\":\"https:\/\/servitec.tv\/es\/fibramovil\/\",\"url\":\"https:\/\/servitec.tv\/es\/fibramovil\/\",\"name\":\"Fibra+M\u00f3vil - Servitec\",\"isPartOf\":{\"@id\":\"https:\/\/servitec.tv\/#website\"},\"datePublished\":\"2023-11-13T13:03:58+00:00\",\"dateModified\":\"2023-11-17T01:35:28+00:00\",\"description\":\"A SERVITEC, us podeu beneficiar de les millors promocions d\u2019alta de Movistar+ a cada moment, i el servei integral de les nostres consultes t\u00e8cniques, canvi d\u2019aparells, comandament a dist\u00e0ncia, instal\u00b7lacions d\u2019Iplus, Multiplus\u2026 aix\u00ed com la gesti\u00f3 de la pr\u00e0ctica totalitat de serveis de Movistar+.\",\"breadcrumb\":{\"@id\":\"https:\/\/servitec.tv\/es\/fibramovil\/#breadcrumb\"},\"inLanguage\":\"es\",\"potentialAction\":[{\"@type\":\"ReadAction\",\"target\":[\"https:\/\/servitec.tv\/es\/fibramovil\/\"]}]},{\"@type\":\"BreadcrumbList\",\"@id\":\"https:\/\/servitec.tv\/es\/fibramovil\/#breadcrumb\",\"itemListElement\":[{\"@type\":\"ListItem\",\"position\":1,\"name\":\"Inici\",\"item\":\"https:\/\/servitec.tv\/es\/\"},{\"@type\":\"ListItem\",\"position\":2,\"name\":\"Fibra+M\u00f3vil\"}]},{\"@type\":\"WebSite\",\"@id\":\"https:\/\/servitec.tv\/#website\",\"url\":\"https:\/\/servitec.tv\/\",\"name\":\"Servitec\",\"description\":\"Telecomunicacions\",\"publisher\":{\"@id\":\"https:\/\/servitec.tv\/#organization\"},\"potentialAction\":[{\"@type\":\"SearchAction\",\"target\":{\"@type\":\"EntryPoint\",\"urlTemplate\":\"https:\/\/servitec.tv\/?s={search_term_string}\"},\"query-input\":\"required name=search_term_string\"}],\"inLanguage\":\"es\"},{\"@type\":\"Organization\",\"@id\":\"https:\/\/servitec.tv\/#organization\",\"name\":\"Servitec\",\"url\":\"https:\/\/servitec.tv\/\",\"sameAs\":[],\"logo\":{\"@type\":\"ImageObject\",\"inLanguage\":\"es\",\"@id\":\"https:\/\/servitec.tv\/#\/schema\/logo\/image\/\",\"url\":\"https:\/\/servitec.tv\/wp-content\/uploads\/2018\/11\/cropped-logotip-2-1.png\",\"contentUrl\":\"https:\/\/servitec.tv\/wp-content\/uploads\/2018\/11\/cropped-logotip-2-1.png\",\"width\":164,\"height\":51,\"caption\":\"Servitec\"},\"image\":{\"@id\":\"https:\/\/servitec.tv\/#\/schema\/logo\/image\/\"}}]}<\/script>\n<!-- \/ Yoast SEO plugin. -->","yoast_head_json":{"title":"Fibra+M\u00f3vil - Servitec","description":"A SERVITEC, us podeu beneficiar de les millors promocions d\u2019alta de Movistar+ a cada moment, i el servei integral de les nostres consultes t\u00e8cniques, canvi d\u2019aparells, comandament a dist\u00e0ncia, instal\u00b7lacions d\u2019Iplus, Multiplus\u2026 aix\u00ed com la gesti\u00f3 de la pr\u00e0ctica totalitat de serveis de Movistar+.","robots":{"index":"index","follow":"follow","max-snippet":"max-snippet:-1","max-image-preview":"max-image-preview:large","max-video-preview":"max-video-preview:-1"},"canonical":"https:\/\/servitec.tv\/es\/fibramovil\/","og_locale":"es_ES","og_type":"article","og_title":"Fibra+M\u00f3vil - Servitec","og_description":"A SERVITEC, us podeu beneficiar de les millors promocions d\u2019alta de Movistar+ a cada moment, i el servei integral de les nostres consultes t\u00e8cniques, canvi d\u2019aparells, comandament a dist\u00e0ncia, instal\u00b7lacions d\u2019Iplus, Multiplus\u2026 aix\u00ed com la gesti\u00f3 de la pr\u00e0ctica totalitat de serveis de Movistar+.","og_url":"https:\/\/servitec.tv\/es\/fibramovil\/","og_site_name":"Servitec","article_modified_time":"2023-11-17T01:35:28+00:00","twitter_card":"summary_large_image","twitter_misc":{"Tiempo de lectura":"1 minuto"},"schema":{"@context":"https:\/\/schema.org","@graph":[{"@type":"WebPage","@id":"https:\/\/servitec.tv\/es\/fibramovil\/","url":"https:\/\/servitec.tv\/es\/fibramovil\/","name":"Fibra+M\u00f3vil - Servitec","isPartOf":{"@id":"https:\/\/servitec.tv\/#website"},"datePublished":"2023-11-13T13:03:58+00:00","dateModified":"2023-11-17T01:35:28+00:00","description":"A SERVITEC, us podeu beneficiar de les millors promocions d\u2019alta de Movistar+ a cada moment, i el servei integral de les nostres consultes t\u00e8cniques, canvi d\u2019aparells, comandament a dist\u00e0ncia, instal\u00b7lacions d\u2019Iplus, Multiplus\u2026 aix\u00ed com la gesti\u00f3 de la pr\u00e0ctica totalitat de serveis de Movistar+.","breadcrumb":{"@id":"https:\/\/servitec.tv\/es\/fibramovil\/#breadcrumb"},"inLanguage":"es","potentialAction":[{"@type":"ReadAction","target":["https:\/\/servitec.tv\/es\/fibramovil\/"]}]},{"@type":"BreadcrumbList","@id":"https:\/\/servitec.tv\/es\/fibramovil\/#breadcrumb","itemListElement":[{"@type":"ListItem","position":1,"name":"Inici","item":"https:\/\/servitec.tv\/es\/"},{"@type":"ListItem","position":2,"name":"Fibra+M\u00f3vil"}]},{"@type":"WebSite","@id":"https:\/\/servitec.tv\/#website","url":"https:\/\/servitec.tv\/","name":"Servitec","description":"Telecomunicacions","publisher":{"@id":"https:\/\/servitec.tv\/#organization"},"potentialAction":[{"@type":"SearchAction","target":{"@type":"EntryPoint","urlTemplate":"https:\/\/servitec.tv\/?s={search_term_string}"},"query-input":"required name=search_term_string"}],"inLanguage":"es"},{"@type":"Organization","@id":"https:\/\/servitec.tv\/#organization","name":"Servitec","url":"https:\/\/servitec.tv\/","sameAs":[],"logo":{"@type":"ImageObject","inLanguage":"es","@id":"https:\/\/servitec.tv\/#\/schema\/logo\/image\/","url":"https:\/\/servitec.tv\/wp-content\/uploads\/2018\/11\/cropped-logotip-2-1.png","contentUrl":"https:\/\/servitec.tv\/wp-content\/uploads\/2018\/11\/cropped-logotip-2-1.png","width":164,"height":51,"caption":"Servitec"},"image":{"@id":"https:\/\/servitec.tv\/#\/schema\/logo\/image\/"}}]}},"_links":{"self":[{"href":"https:\/\/servitec.tv\/es\/wp-json\/wp\/v2\/pages\/4523"}],"collection":[{"href":"https:\/\/servitec.tv\/es\/wp-json\/wp\/v2\/pages"}],"about":[{"href":"https:\/\/servitec.tv\/es\/wp-json\/wp\/v2\/types\/page"}],"author":[{"embeddable":true,"href":"https:\/\/servitec.tv\/es\/wp-json\/wp\/v2\/users\/4"}],"replies":[{"embeddable":true,"href":"https:\/\/servitec.tv\/es\/wp-json\/wp\/v2\/comments?post=4523"}],"version-history":[{"count":6,"href":"https:\/\/servitec.tv\/es\/wp-json\/wp\/v2\/pages\/4523\/revisions"}],"predecessor-version":[{"id":4689,"href":"https:\/\/servitec.tv\/es\/wp-json\/wp\/v2\/pages\/4523\/revisions\/4689"}],"wp:attachment":[{"href":"https:\/\/servitec.tv\/es\/wp-json\/wp\/v2\/media?parent=4523"}],"curies":[{"name":"wp","href":"https:\/\/api.w.org\/{rel}","templated":true}]}}