{"id":2311,"date":"2018-11-05T14:27:26","date_gmt":"2018-11-05T12:27:26","guid":{"rendered":"http:\/\/servitecnew.tv.mialias.net\/serveis\/projeccio-i-sonoritzacio\/"},"modified":"2025-04-03T15:59:37","modified_gmt":"2025-04-03T13:59:37","slug":"proyeccion-y-sonorizacion","status":"publish","type":"page","link":"https:\/\/servitec.tv\/es\/servicios\/proyeccion-y-sonorizacion\/","title":{"rendered":"Proyecci\u00f3n y sonorizaci\u00f3n"},"content":{"rendered":"<p>[vc_row el_class=\u00bbserveis-content-header-title\u00bb][vc_column width=\u00bb1\/6&#8243; el_class=\u00bbimatge_serveis_clients\u00bb][vc_single_image image=\u00bb2253&#8243; alignment=\u00bbcenter\u00bb][\/vc_column][vc_column width=\u00bb5\/6&#8243;][vc_column_text]<\/p>\n<h1 style=\"color: white; font-size: 14.5px;\">Proyecci\u00f3n y sonorizaci\u00f3n<\/h1>\n<p>\n[\/vc_column_text][\/vc_column][\/vc_row][vc_row full_width=\u00bbstretch_row_content_no_spaces\u00bb][vc_column][vc_single_image image=\u00bb2271&#8243; img_size=\u00bbfull\u00bb alignment=\u00bbcenter\u00bb el_class=\u00bbserveis-content-image\u00bb][\/vc_column][\/vc_row][vc_row full_width=\u00bbstretch_row_content\u00bb][vc_column][vc_row_inner el_class=\u00bbserveis-content-row\u00bb][vc_column_inner el_class=\u00bbserveis-content-form\u00bb width=\u00bb2\/3&#8243;][vc_column_text el_class=\u00bbserveis-content-text\u00bb]<\/p>\n<h2 class=\"\" data-start=\"208\" data-end=\"288\">Sistemas de proyecci\u00f3n y sonorizaci\u00f3n para espacios profesionales y particulares<\/h2>\n<p><\/p>\n<p class=\"\" data-start=\"290\" data-end=\"565\">En <strong data-start=\"292\" data-end=\"304\">SERVITEC<\/strong> somos especialistas en la <strong data-start=\"329\" data-end=\"391\">instalaci\u00f3n y mantenimiento de infraestructuras audiovisuales,<\/strong> ofreciendo soluciones profesionales de <strong>proyecci\u00f3n y sonorizaci\u00f3n<\/strong> para <strong data-start=\"463\" data-end=\"564\">locales p\u00fablicos, bares, restaurantes, oficinas, empresas, centros educativos y viviendas particulares<\/strong>.<\/p>\n<p><\/p>\n<p class=\"\" data-start=\"567\" data-end=\"660\">Trabajamos con equipos de alta calidad para garantizar un resultado \u00f3ptimo tanto en imagen como en sonido.<\/p>\n<h3 class=\"\" data-start=\"662\" data-end=\"695\">Soluciones audiovisuales a medida<\/h3>\n<p><\/p>\n<p class=\"\" data-start=\"697\" data-end=\"814\">Cada proyecto audiovisual se adapta a las necesidades espec\u00edficas del espacio y el uso previsto. Instalamos y configuramos:<\/p>\n<ul data-start=\"816\" data-end=\"1156\">\n<li class=\"\" data-start=\"816\" data-end=\"870\">\n<p class=\"\" data-start=\"818\" data-end=\"870\"><strong data-start=\"818\" data-end=\"846\">Proyectores profesionales<\/strong> con resoluci\u00f3n HD y 4K<\/p>\n<\/li>\n<li class=\"\" data-start=\"871\" data-end=\"941\">\n<p class=\"\" data-start=\"873\" data-end=\"941\"><strong data-start=\"873\" data-end=\"905\">Pantallas fijas o retr\u00e1ctiles<\/strong> para presentaciones o proyecciones<\/p>\n<\/li>\n<li class=\"\" data-start=\"942\" data-end=\"1008\">\n<p class=\"\" data-start=\"944\" data-end=\"1008\"><strong data-start=\"944\" data-end=\"1006\">Reproductores multimedia y sistemas de control centralizado<\/strong><\/p>\n<\/li>\n<li class=\"\" data-start=\"1009\" data-end=\"1080\">\n<p class=\"\" data-start=\"1011\" data-end=\"1080\"><strong data-start=\"1011\" data-end=\"1038\">Equipos de sonido y altavoces<\/strong> para ambientaci\u00f3n musical o comunicaci\u00f3n<\/p>\n<\/li>\n<li class=\"\" data-start=\"1081\" data-end=\"1156\">\n<p class=\"\" data-start=\"1083\" data-end=\"1156\"><strong data-start=\"1083\" data-end=\"1125\">Micr\u00f3fonos y sistemas de voz en directo<\/strong> para eventos o reuniones<\/p>\n<\/li>\n<\/ul>\n<p><\/p>\n<p class=\"\" data-start=\"1158\" data-end=\"1352\">Nuestros sistemas son ideales para <strong data-start=\"1196\" data-end=\"1296\">salas de reuniones, establecimientos comerciales, aulas de formaci\u00f3n, espacios culturales o salas de espera<\/strong>, con la posibilidad de control.<\/p>\n<h3 class=\"\" data-start=\"1354\" data-end=\"1400\">Asesoramiento t\u00e9cnico y servicio profesional<\/h3>\n<p><\/p>\n<p class=\"\" data-start=\"1402\" data-end=\"1664\">En <strong data-start=\"1404\" data-end=\"1416\">SERVITEC<\/strong> nos encargamos de todo el proceso: desde el asesoramiento t\u00e9cnico hasta la instalaci\u00f3n, configuraci\u00f3n y mantenimiento de los equipos. Te garantizamos un <strong data-start=\"1560\" data-end=\"1602\">servicio personalizado, r\u00e1pido y eficiente<\/strong>, con productos de las mejores marcas del mercado audiovisual.<\/p>\n<h3 class=\"\" data-start=\"1666\" data-end=\"1698\">\u00bfPor qu\u00e9 confiar en SERVITEC?<\/h3>\n<p><\/p>\n<ul data-start=\"1700\" data-end=\"1893\">\n<li class=\"\" data-start=\"1700\" data-end=\"1748\">\n<p class=\"\" data-start=\"1702\" data-end=\"1748\">Soluciones audiovisuales integrales y adaptadas<\/p>\n<\/li>\n<li class=\"\" data-start=\"1749\" data-end=\"1791\">\n<p class=\"\" data-start=\"1751\" data-end=\"1791\">M\u00e1s de 20 a\u00f1os de experiencia en el sector<\/p>\n<\/li>\n<li class=\"\" data-start=\"1792\" data-end=\"1833\">\n<p class=\"\" data-start=\"1794\" data-end=\"1833\">Equipo t\u00e9cnico propio y servicio postventa<\/p>\n<\/li>\n<li class=\"\" data-start=\"1834\" data-end=\"1893\">\n<p class=\"\" data-start=\"1836\" data-end=\"1893\">Atenci\u00f3n personalizada para cada tipo de cliente y espacio<\/p>\n<\/li>\n<\/ul>\n<hr class=\"\" data-start=\"1895\" data-end=\"1898\" \/>\n<h3 class=\"\" data-start=\"1900\" data-end=\"1958\">\u00bfQuieres mejorar la experiencia audiovisual de tu espacio?<\/h3>\n<p><\/p>\n<p class=\"\" data-start=\"1960\" data-end=\"2144\">Contacta con <strong data-start=\"1973\" data-end=\"1985\">SERVITEC<\/strong> y te ofreceremos una soluci\u00f3n de<\/p>\n<p>&nbsp;<br \/>\n[\/vc_column_text][vc_column_text el_class=\u00bbserveis-form-titol\u00bb]<\/p>\n<p style=\"text-align: center;\">Formulario de contacto<\/p>\n<p>\n[\/vc_column_text][vc_column_text el_class=\u00bbserveis-form-text\u00bb]<\/p>\n<p style=\"text-align: center;\">Envia un correo electr\u00f3nico.<\/p>\n<p>\n[\/vc_column_text]<div role=\"form\" class=\"wpcf7\" id=\"wpcf7-f1546-o1\" lang=\"ca\" dir=\"ltr\">\n<div class=\"screen-reader-response\"><p role=\"status\" aria-live=\"polite\" aria-atomic=\"true\"><\/p> <ul><\/ul><\/div>\n<form action=\"\/es\/wp-json\/wp\/v2\/pages\/2311#wpcf7-f1546-o1\" method=\"post\" class=\"wpcf7-form init\" novalidate=\"novalidate\" data-status=\"init\">\n<div style=\"display: none;\">\n<input type=\"hidden\" name=\"_wpcf7\" value=\"1546\" \/>\n<input type=\"hidden\" name=\"_wpcf7_version\" value=\"5.6.3\" \/>\n<input type=\"hidden\" name=\"_wpcf7_locale\" value=\"ca\" \/>\n<input type=\"hidden\" name=\"_wpcf7_unit_tag\" value=\"wpcf7-f1546-o1\" \/>\n<input type=\"hidden\" name=\"_wpcf7_container_post\" value=\"0\" \/>\n<input type=\"hidden\" name=\"_wpcf7_posted_data_hash\" value=\"\" \/>\n<input type=\"hidden\" name=\"_wpcf7_recaptcha_response\" value=\"\" \/>\n<\/div>\n<p><label><br \/>\n    <span class=\"wpcf7-form-control-wrap\" data-name=\"your-name\"><input type=\"text\" name=\"your-name\" value=\"\" size=\"40\" class=\"wpcf7-form-control wpcf7-text wpcf7-validates-as-required\" aria-required=\"true\" aria-invalid=\"false\" placeholder=\"Nom i Cognoms *\" \/><\/span><\/label><\/p>\n<p><label><br \/>\n    <span class=\"wpcf7-form-control-wrap\" data-name=\"your-email\"><input type=\"email\" name=\"your-email\" value=\"\" size=\"40\" class=\"wpcf7-form-control wpcf7-text wpcf7-email wpcf7-validates-as-required wpcf7-validates-as-email\" aria-required=\"true\" aria-invalid=\"false\" placeholder=\"Correu electr\u00f2nic *\" \/><\/span> <\/label><\/p>\n<p><label><br \/>\n    <span class=\"wpcf7-form-control-wrap\" data-name=\"telefono\"><input type=\"tel\" name=\"telefono\" value=\"\" size=\"40\" class=\"wpcf7-form-control wpcf7-text wpcf7-tel wpcf7-validates-as-required wpcf7-validates-as-tel\" aria-required=\"true\" aria-invalid=\"false\" placeholder=\"Tel\u00e8fon *\" \/><\/span><\/label><\/p>\n<p><label><br \/>\n    <span class=\"wpcf7-form-control-wrap\" data-name=\"Adreca\"><input type=\"text\" name=\"Adreca\" value=\"\" size=\"40\" class=\"wpcf7-form-control wpcf7-text wpcf7-validates-as-required\" aria-required=\"true\" aria-invalid=\"false\" placeholder=\"Adre\u00e7a *\" \/><\/span><\/label><\/p>\n<p><label><br \/>\n    <span class=\"wpcf7-form-control-wrap\" data-name=\"Poblacio\"><input type=\"text\" name=\"Poblacio\" value=\"\" size=\"40\" class=\"wpcf7-form-control wpcf7-text wpcf7-validates-as-required\" aria-required=\"true\" aria-invalid=\"false\" placeholder=\"Poblaci\u00f3 *\" \/><\/span><\/label><\/p>\n<p><label><br \/>\n    <span class=\"wpcf7-form-control-wrap\" data-name=\"your-subject\"><input type=\"text\" name=\"your-subject\" value=\"\" size=\"40\" class=\"wpcf7-form-control wpcf7-text wpcf7-validates-as-required\" aria-required=\"true\" aria-invalid=\"false\" placeholder=\"Assumpte *\" \/><\/span> <\/label><\/p>\n<p><label><br \/>\n    <span class=\"wpcf7-form-control-wrap\" data-name=\"your-message\"><textarea name=\"your-message\" cols=\"40\" rows=\"10\" class=\"wpcf7-form-control wpcf7-textarea wpcf7-validates-as-required\" aria-required=\"true\" aria-invalid=\"false\" placeholder=\"Missatge *\"><\/textarea><\/span><br \/>\n<\/label><\/p>\n<p><span class=\"wpcf7-form-control-wrap\" data-name=\"checkbox-565\"><span class=\"wpcf7-form-control wpcf7-checkbox\"><span class=\"wpcf7-list-item first last\"><input type=\"checkbox\" name=\"checkbox-565[]\" value=\"Accepto rebre informaci\u00f3 comercial.\" \/><span class=\"wpcf7-list-item-label\">Accepto rebre informaci\u00f3 comercial.<\/span><\/span><\/span><\/span><br \/>\n<span class=\"wpcf7-form-control-wrap\" data-name=\"acceptance-637\"><span class=\"wpcf7-form-control wpcf7-acceptance\"><span class=\"wpcf7-list-item\"><label><input type=\"checkbox\" name=\"acceptance-637\" value=\"1\" aria-invalid=\"false\" \/><span class=\"wpcf7-list-item-label\">He llegit i accepto la <a href=\"\/politica-de-privacitat\" target=\"_blank\">Politica de Privacitat<\/a> (*)<\/span><\/label><\/span><\/span><\/span><\/p>\n<p><strong>* Tots els camps amb <u>asterisc<\/u> son obligatoris.<\/strong><\/p>\n<p><br\/><\/p>\n<h4>INFORMACI\u00d3 PROTECCI\u00d3 DE DADES DE SERVITEC<\/h4>\n<p><strong>Finalitats<\/strong>: Respondre a les seves sol\u00b7licituds i remetre-li informaci\u00f3 comercial dels nostres productes i serveis, fins i tot per correu electr\u00f2nic. <strong>Legitimaci\u00f3<\/strong>: Consentiment de l'interessat. Destinataris: No estan previstes cessions de dades. <strong>Drets<\/strong>: Pot retirar el seu consentiment a qualsevol moment, aix\u00ed com accedir, rectificar, suprimir les seves dades i altres drets a <a href=\"mailto:info@servitec.tv\">info@servitec.tv<\/a>. <strong>Informaci\u00f3 Addicional<\/strong>: Pot ampliar la informaci\u00f3 a l'enlla\u00e7 <a href=\"\/politica-de-privacitat\" target=\"_blank\">d'Avisos Legals<\/a>.<br \/>\n<br\/><\/p>\n<div class=\"enviar_form\"><input type=\"submit\" value=\"ENVIAR\" class=\"wpcf7-form-control has-spinner wpcf7-submit\" \/><\/div>\n<p style=\"display: none !important;\" class=\"akismet-fields-container\" data-prefix=\"_wpcf7_ak_\"><label>&#916;<textarea name=\"_wpcf7_ak_hp_textarea\" cols=\"45\" rows=\"8\" maxlength=\"100\"><\/textarea><\/label><input type=\"hidden\" id=\"ak_js_1\" name=\"_wpcf7_ak_js\" value=\"113\"\/><script>document.getElementById( \"ak_js_1\" ).setAttribute( \"value\", ( new Date() ).getTime() );<\/script><\/p><div class=\"wpcf7-response-output\" aria-hidden=\"true\"><\/div><\/form><\/div>[\/vc_column_inner][vc_column_inner width=\u00bb1\/3&#8243;][vc_raw_html]PHA+W3dpZGdldCBpZD0ibWVkaWFfaW1hZ2UtNSJdPC9wPg==[\/vc_raw_html][\/vc_column_inner][\/vc_row_inner][\/vc_column][\/vc_row]<\/p>\n","protected":false},"excerpt":{"rendered":"<p>[vc_row el_class=\u00bbserveis-content-header-title\u00bb][vc_column width=\u00bb1\/6&#8243; el_class=\u00bbimatge_serveis_clients\u00bb][vc_single_image image=\u00bb2253&#8243; alignment=\u00bbcenter\u00bb][\/vc_column][vc_column width=\u00bb5\/6&#8243;][vc_column_text] Proyecci\u00f3n y sonorizaci\u00f3n [\/vc_column_text][\/vc_column][\/vc_row][vc_row full_width=\u00bbstretch_row_content_no_spaces\u00bb][vc_column][vc_single_image image=\u00bb2271&#8243; img_size=\u00bbfull\u00bb alignment=\u00bbcenter\u00bb el_class=\u00bbserveis-content-image\u00bb][\/vc_column][\/vc_row][vc_row full_width=\u00bbstretch_row_content\u00bb][vc_column][vc_row_inner el_class=\u00bbserveis-content-row\u00bb][vc_column_inner el_class=\u00bbserveis-content-form\u00bb width=\u00bb2\/3&#8243;][vc_column_text el_class=\u00bbserveis-content-text\u00bb] Sistemas de proyecci\u00f3n y sonorizaci\u00f3n para espacios profesionales y particulares En SERVITEC somos especialistas en la instalaci\u00f3n y mantenimiento de infraestructuras audiovisuales, ofreciendo soluciones profesionales de proyecci\u00f3n y sonorizaci\u00f3n para locales p\u00fablicos, bares, restaurantes,<\/p>\n","protected":false},"author":1,"featured_media":0,"parent":2305,"menu_order":0,"comment_status":"closed","ping_status":"closed","template":"","meta":{"_exactmetrics_skip_tracking":false,"_exactmetrics_sitenote_active":false,"_exactmetrics_sitenote_note":"","_exactmetrics_sitenote_category":0},"yoast_head":"<!-- This site is optimized with the Yoast SEO plugin v19.6.1 - https:\/\/yoast.com\/wordpress\/plugins\/seo\/ -->\n<title>Proyecci\u00f3n y sonorizaci\u00f3n - Servitec<\/title>\n<meta name=\"description\" content=\"Servicio t\u00e9cnico y de instalaci\u00f3n de infraestructuras audiovisuales. Proyectores, pantallas, reproductores y equipo de sonido profesionales.\" \/>\n<meta name=\"robots\" content=\"index, follow, max-snippet:-1, max-image-preview:large, max-video-preview:-1\" \/>\n<link rel=\"canonical\" href=\"https:\/\/servitec.tv\/serveis\/projeccio-i-sonoritzacio\/\" \/>\n<meta property=\"og:locale\" content=\"es_ES\" \/>\n<meta property=\"og:type\" content=\"article\" \/>\n<meta property=\"og:title\" content=\"Proyecci\u00f3n y sonorizaci\u00f3n - Servitec\" \/>\n<meta property=\"og:description\" content=\"Servicio t\u00e9cnico y de instalaci\u00f3n de infraestructuras audiovisuales. Proyectores, pantallas, reproductores y equipo de sonido profesionales.\" \/>\n<meta property=\"og:url\" content=\"https:\/\/servitec.tv\/serveis\/projeccio-i-sonoritzacio\/\" \/>\n<meta property=\"og:site_name\" content=\"Servitec\" \/>\n<meta property=\"article:modified_time\" content=\"2025-04-03T13:59:37+00:00\" \/>\n<meta name=\"twitter:card\" content=\"summary_large_image\" \/>\n<meta name=\"twitter:label1\" content=\"Tiempo de lectura\" \/>\n\t<meta name=\"twitter:data1\" content=\"2 minutos\" \/>\n<script type=\"application\/ld+json\" class=\"yoast-schema-graph\">{\"@context\":\"https:\/\/schema.org\",\"@graph\":[{\"@type\":\"WebPage\",\"@id\":\"https:\/\/servitec.tv\/serveis\/projeccio-i-sonoritzacio\/\",\"url\":\"https:\/\/servitec.tv\/serveis\/projeccio-i-sonoritzacio\/\",\"name\":\"Proyecci\u00f3n y sonorizaci\u00f3n - Servitec\",\"isPartOf\":{\"@id\":\"https:\/\/servitec.tv\/#website\"},\"datePublished\":\"2018-11-05T12:27:26+00:00\",\"dateModified\":\"2025-04-03T13:59:37+00:00\",\"description\":\"Servicio t\u00e9cnico y de instalaci\u00f3n de infraestructuras audiovisuales. Proyectores, pantallas, reproductores y equipo de sonido profesionales.\",\"breadcrumb\":{\"@id\":\"https:\/\/servitec.tv\/serveis\/projeccio-i-sonoritzacio\/#breadcrumb\"},\"inLanguage\":\"es\",\"potentialAction\":[{\"@type\":\"ReadAction\",\"target\":[\"https:\/\/servitec.tv\/serveis\/projeccio-i-sonoritzacio\/\"]}]},{\"@type\":\"BreadcrumbList\",\"@id\":\"https:\/\/servitec.tv\/serveis\/projeccio-i-sonoritzacio\/#breadcrumb\",\"itemListElement\":[{\"@type\":\"ListItem\",\"position\":1,\"name\":\"Inici\",\"item\":\"https:\/\/servitec.tv\/es\/\"},{\"@type\":\"ListItem\",\"position\":2,\"name\":\"Servicios\",\"item\":\"https:\/\/servitec.tv\/es\/servicios\/\"},{\"@type\":\"ListItem\",\"position\":3,\"name\":\"Proyecci\u00f3n y sonorizaci\u00f3n\"}]},{\"@type\":\"WebSite\",\"@id\":\"https:\/\/servitec.tv\/#website\",\"url\":\"https:\/\/servitec.tv\/\",\"name\":\"Servitec\",\"description\":\"Telecomunicacions\",\"publisher\":{\"@id\":\"https:\/\/servitec.tv\/#organization\"},\"potentialAction\":[{\"@type\":\"SearchAction\",\"target\":{\"@type\":\"EntryPoint\",\"urlTemplate\":\"https:\/\/servitec.tv\/?s={search_term_string}\"},\"query-input\":\"required name=search_term_string\"}],\"inLanguage\":\"es\"},{\"@type\":\"Organization\",\"@id\":\"https:\/\/servitec.tv\/#organization\",\"name\":\"Servitec\",\"url\":\"https:\/\/servitec.tv\/\",\"sameAs\":[],\"logo\":{\"@type\":\"ImageObject\",\"inLanguage\":\"es\",\"@id\":\"https:\/\/servitec.tv\/#\/schema\/logo\/image\/\",\"url\":\"https:\/\/servitec.tv\/wp-content\/uploads\/2018\/11\/cropped-logotip-2-1.png\",\"contentUrl\":\"https:\/\/servitec.tv\/wp-content\/uploads\/2018\/11\/cropped-logotip-2-1.png\",\"width\":164,\"height\":51,\"caption\":\"Servitec\"},\"image\":{\"@id\":\"https:\/\/servitec.tv\/#\/schema\/logo\/image\/\"}}]}<\/script>\n<!-- \/ Yoast SEO plugin. -->","yoast_head_json":{"title":"Proyecci\u00f3n y sonorizaci\u00f3n - Servitec","description":"Servicio t\u00e9cnico y de instalaci\u00f3n de infraestructuras audiovisuales. Proyectores, pantallas, reproductores y equipo de sonido profesionales.","robots":{"index":"index","follow":"follow","max-snippet":"max-snippet:-1","max-image-preview":"max-image-preview:large","max-video-preview":"max-video-preview:-1"},"canonical":"https:\/\/servitec.tv\/serveis\/projeccio-i-sonoritzacio\/","og_locale":"es_ES","og_type":"article","og_title":"Proyecci\u00f3n y sonorizaci\u00f3n - Servitec","og_description":"Servicio t\u00e9cnico y de instalaci\u00f3n de infraestructuras audiovisuales. Proyectores, pantallas, reproductores y equipo de sonido profesionales.","og_url":"https:\/\/servitec.tv\/serveis\/projeccio-i-sonoritzacio\/","og_site_name":"Servitec","article_modified_time":"2025-04-03T13:59:37+00:00","twitter_card":"summary_large_image","twitter_misc":{"Tiempo de lectura":"2 minutos"},"schema":{"@context":"https:\/\/schema.org","@graph":[{"@type":"WebPage","@id":"https:\/\/servitec.tv\/serveis\/projeccio-i-sonoritzacio\/","url":"https:\/\/servitec.tv\/serveis\/projeccio-i-sonoritzacio\/","name":"Proyecci\u00f3n y sonorizaci\u00f3n - Servitec","isPartOf":{"@id":"https:\/\/servitec.tv\/#website"},"datePublished":"2018-11-05T12:27:26+00:00","dateModified":"2025-04-03T13:59:37+00:00","description":"Servicio t\u00e9cnico y de instalaci\u00f3n de infraestructuras audiovisuales. Proyectores, pantallas, reproductores y equipo de sonido profesionales.","breadcrumb":{"@id":"https:\/\/servitec.tv\/serveis\/projeccio-i-sonoritzacio\/#breadcrumb"},"inLanguage":"es","potentialAction":[{"@type":"ReadAction","target":["https:\/\/servitec.tv\/serveis\/projeccio-i-sonoritzacio\/"]}]},{"@type":"BreadcrumbList","@id":"https:\/\/servitec.tv\/serveis\/projeccio-i-sonoritzacio\/#breadcrumb","itemListElement":[{"@type":"ListItem","position":1,"name":"Inici","item":"https:\/\/servitec.tv\/es\/"},{"@type":"ListItem","position":2,"name":"Servicios","item":"https:\/\/servitec.tv\/es\/servicios\/"},{"@type":"ListItem","position":3,"name":"Proyecci\u00f3n y sonorizaci\u00f3n"}]},{"@type":"WebSite","@id":"https:\/\/servitec.tv\/#website","url":"https:\/\/servitec.tv\/","name":"Servitec","description":"Telecomunicacions","publisher":{"@id":"https:\/\/servitec.tv\/#organization"},"potentialAction":[{"@type":"SearchAction","target":{"@type":"EntryPoint","urlTemplate":"https:\/\/servitec.tv\/?s={search_term_string}"},"query-input":"required name=search_term_string"}],"inLanguage":"es"},{"@type":"Organization","@id":"https:\/\/servitec.tv\/#organization","name":"Servitec","url":"https:\/\/servitec.tv\/","sameAs":[],"logo":{"@type":"ImageObject","inLanguage":"es","@id":"https:\/\/servitec.tv\/#\/schema\/logo\/image\/","url":"https:\/\/servitec.tv\/wp-content\/uploads\/2018\/11\/cropped-logotip-2-1.png","contentUrl":"https:\/\/servitec.tv\/wp-content\/uploads\/2018\/11\/cropped-logotip-2-1.png","width":164,"height":51,"caption":"Servitec"},"image":{"@id":"https:\/\/servitec.tv\/#\/schema\/logo\/image\/"}}]}},"_links":{"self":[{"href":"https:\/\/servitec.tv\/es\/wp-json\/wp\/v2\/pages\/2311"}],"collection":[{"href":"https:\/\/servitec.tv\/es\/wp-json\/wp\/v2\/pages"}],"about":[{"href":"https:\/\/servitec.tv\/es\/wp-json\/wp\/v2\/types\/page"}],"author":[{"embeddable":true,"href":"https:\/\/servitec.tv\/es\/wp-json\/wp\/v2\/users\/1"}],"replies":[{"embeddable":true,"href":"https:\/\/servitec.tv\/es\/wp-json\/wp\/v2\/comments?post=2311"}],"version-history":[{"count":7,"href":"https:\/\/servitec.tv\/es\/wp-json\/wp\/v2\/pages\/2311\/revisions"}],"predecessor-version":[{"id":5428,"href":"https:\/\/servitec.tv\/es\/wp-json\/wp\/v2\/pages\/2311\/revisions\/5428"}],"up":[{"embeddable":true,"href":"https:\/\/servitec.tv\/es\/wp-json\/wp\/v2\/pages\/2305"}],"wp:attachment":[{"href":"https:\/\/servitec.tv\/es\/wp-json\/wp\/v2\/media?parent=2311"}],"curies":[{"name":"wp","href":"https:\/\/api.w.org\/{rel}","templated":true}]}}