{"id":2300,"date":"2018-11-05T12:09:22","date_gmt":"2018-11-05T10:09:22","guid":{"rendered":"http:\/\/servitecnew.tv.mialias.net\/contacte\/"},"modified":"2019-11-19T18:30:32","modified_gmt":"2019-11-19T16:30:32","slug":"contacto","status":"publish","type":"page","link":"https:\/\/servitec.tv\/es\/contacto\/","title":{"rendered":"Contacto"},"content":{"rendered":"<p>[vc_row el_class=\u00bbcontacte-row\u00bb][vc_column][vc_row_inner][vc_column_inner el_class=\u00bbcontacte-inner-row\u00bb width=\u00bb1\/4&#8243;][vc_single_image image=\u00bb2244&#8243; img_size=\u00bbfull\u00bb alignment=\u00bbcenter\u00bb][vc_column_text el_class=\u00bbcontacte-text\u00bb]Calle Iluro, 10.<br \/>\nMatar\u00f3 08302[\/vc_column_text][\/vc_column_inner][vc_column_inner el_class=\u00bbcontacte-inner-row\u00bb width=\u00bb1\/4&#8243;][vc_single_image image=\u00bb2245&#8243; img_size=\u00bbfull\u00bb alignment=\u00bbcenter\u00bb][vc_column_text el_class=\u00bbcontacte-text\u00bb]<a href=\"mailto:servitec@servitec.tv\">servitec@servitec.tv<\/a>[\/vc_column_text][\/vc_column_inner][vc_column_inner el_class=\u00bbcontacte-inner-row\u00bb width=\u00bb1\/4&#8243;][vc_single_image image=\u00bb2246&#8243; img_size=\u00bbfull\u00bb alignment=\u00bbcenter\u00bb][vc_column_text el_class=\u00bbcontacte-text\u00bb]+34 93 799 39 80[\/vc_column_text][\/vc_column_inner][vc_column_inner el_class=\u00bbcontacte-inner-row\u00bb width=\u00bb1\/4&#8243;][vc_single_image image=\u00bb2247&#8243; img_size=\u00bbfull\u00bb alignment=\u00bbcenter\u00bb][vc_column_text el_class=\u00bbcontacte-text\u00bb]Horario: de lunes a viernes de 9 a 13 h y de 17 a 19 h[\/vc_column_text][\/vc_column_inner][\/vc_row_inner][\/vc_column][\/vc_row][vc_row full_width=\u00bbstretch_row_content_no_spaces\u00bb][vc_column][vc_column_text]<iframe loading=\"lazy\" style=\"border: 0;\" src=\"https:\/\/www.google.com\/maps\/embed?pb=!1m18!1m12!1m3!1d2986.4604145596495!2d2.436671015861012!3d41.5376273792506!2m3!1f0!2f0!3f0!3m2!1i1024!2i768!4f13.1!3m3!1m2!1s0x12a4b51fa5ea019f%3A0xd8e64749a990dd86!2sSERVITEC.TV+-+Serveis+i+infraestructures+de+la+societat+digital!5e0!3m2!1sca!2ses!4v1555319809816!5m2!1sca!2ses\" width=\"100%\" height=\"400\" frameborder=\"0\" allowfullscreen=\"allowfullscreen\"><\/iframe><br \/>\n[\/vc_column_text][\/vc_column][\/vc_row][vc_row full_width=\u00bbstretch_row_content\u00bb css=\u00bb.vc_custom_1541414790998{background-color: #f6f6f6 !important;}\u00bb][vc_column][vc_row_inner el_class=\u00bbcontacte-form\u00bb][vc_column_inner][vc_column_text el_class=\u00bbcontacte-form-titol\u00bb]Formulario de contacto[\/vc_column_text][vc_column_text el_class=\u00bbcontacte-form-subtitol\u00bb]Te daremos respuesta lo antes posible![\/vc_column_text][vc_column_text el_class=\u00bbcontacte-form-subtitol\u00bb][\/vc_column_text]<div role=\"form\" class=\"wpcf7\" id=\"wpcf7-f1546-o1\" lang=\"ca\" dir=\"ltr\">\n<div class=\"screen-reader-response\"><p role=\"status\" aria-live=\"polite\" aria-atomic=\"true\"><\/p> <ul><\/ul><\/div>\n<form action=\"\/es\/wp-json\/wp\/v2\/pages\/2300#wpcf7-f1546-o1\" method=\"post\" class=\"wpcf7-form init\" novalidate=\"novalidate\" data-status=\"init\">\n<div style=\"display: none;\">\n<input type=\"hidden\" name=\"_wpcf7\" value=\"1546\" \/>\n<input type=\"hidden\" name=\"_wpcf7_version\" value=\"5.6.3\" \/>\n<input type=\"hidden\" name=\"_wpcf7_locale\" value=\"ca\" \/>\n<input type=\"hidden\" name=\"_wpcf7_unit_tag\" value=\"wpcf7-f1546-o1\" \/>\n<input type=\"hidden\" name=\"_wpcf7_container_post\" value=\"0\" \/>\n<input type=\"hidden\" name=\"_wpcf7_posted_data_hash\" value=\"\" \/>\n<input type=\"hidden\" name=\"_wpcf7_recaptcha_response\" value=\"\" \/>\n<\/div>\n<p><label><br \/>\n    <span class=\"wpcf7-form-control-wrap\" data-name=\"your-name\"><input type=\"text\" name=\"your-name\" value=\"\" size=\"40\" class=\"wpcf7-form-control wpcf7-text wpcf7-validates-as-required\" aria-required=\"true\" aria-invalid=\"false\" placeholder=\"Nom i Cognoms *\" \/><\/span><\/label><\/p>\n<p><label><br \/>\n    <span class=\"wpcf7-form-control-wrap\" data-name=\"your-email\"><input type=\"email\" name=\"your-email\" value=\"\" size=\"40\" class=\"wpcf7-form-control wpcf7-text wpcf7-email wpcf7-validates-as-required wpcf7-validates-as-email\" aria-required=\"true\" aria-invalid=\"false\" placeholder=\"Correu electr\u00f2nic *\" \/><\/span> <\/label><\/p>\n<p><label><br \/>\n    <span class=\"wpcf7-form-control-wrap\" data-name=\"telefono\"><input type=\"tel\" name=\"telefono\" value=\"\" size=\"40\" class=\"wpcf7-form-control wpcf7-text wpcf7-tel wpcf7-validates-as-required wpcf7-validates-as-tel\" aria-required=\"true\" aria-invalid=\"false\" placeholder=\"Tel\u00e8fon *\" \/><\/span><\/label><\/p>\n<p><label><br \/>\n    <span class=\"wpcf7-form-control-wrap\" data-name=\"Adreca\"><input type=\"text\" name=\"Adreca\" value=\"\" size=\"40\" class=\"wpcf7-form-control wpcf7-text wpcf7-validates-as-required\" aria-required=\"true\" aria-invalid=\"false\" placeholder=\"Adre\u00e7a *\" \/><\/span><\/label><\/p>\n<p><label><br \/>\n    <span class=\"wpcf7-form-control-wrap\" data-name=\"Poblacio\"><input type=\"text\" name=\"Poblacio\" value=\"\" size=\"40\" class=\"wpcf7-form-control wpcf7-text wpcf7-validates-as-required\" aria-required=\"true\" aria-invalid=\"false\" placeholder=\"Poblaci\u00f3 *\" \/><\/span><\/label><\/p>\n<p><label><br \/>\n    <span class=\"wpcf7-form-control-wrap\" data-name=\"your-subject\"><input type=\"text\" name=\"your-subject\" value=\"\" size=\"40\" class=\"wpcf7-form-control wpcf7-text wpcf7-validates-as-required\" aria-required=\"true\" aria-invalid=\"false\" placeholder=\"Assumpte *\" \/><\/span> <\/label><\/p>\n<p><label><br \/>\n    <span class=\"wpcf7-form-control-wrap\" data-name=\"your-message\"><textarea name=\"your-message\" cols=\"40\" rows=\"10\" class=\"wpcf7-form-control wpcf7-textarea wpcf7-validates-as-required\" aria-required=\"true\" aria-invalid=\"false\" placeholder=\"Missatge *\"><\/textarea><\/span><br \/>\n<\/label><\/p>\n<p><span class=\"wpcf7-form-control-wrap\" data-name=\"checkbox-565\"><span class=\"wpcf7-form-control wpcf7-checkbox\"><span class=\"wpcf7-list-item first last\"><input type=\"checkbox\" name=\"checkbox-565[]\" value=\"Accepto rebre informaci\u00f3 comercial.\" \/><span class=\"wpcf7-list-item-label\">Accepto rebre informaci\u00f3 comercial.<\/span><\/span><\/span><\/span><br \/>\n<span class=\"wpcf7-form-control-wrap\" data-name=\"acceptance-637\"><span class=\"wpcf7-form-control wpcf7-acceptance\"><span class=\"wpcf7-list-item\"><label><input type=\"checkbox\" name=\"acceptance-637\" value=\"1\" aria-invalid=\"false\" \/><span class=\"wpcf7-list-item-label\">He llegit i accepto la <a href=\"\/politica-de-privacitat\" target=\"_blank\">Politica de Privacitat<\/a> (*)<\/span><\/label><\/span><\/span><\/span><\/p>\n<p><strong>* Tots els camps amb <u>asterisc<\/u> son obligatoris.<\/strong><\/p>\n<p><br\/><\/p>\n<h4>INFORMACI\u00d3 PROTECCI\u00d3 DE DADES DE SERVITEC<\/h4>\n<p><strong>Finalitats<\/strong>: Respondre a les seves sol\u00b7licituds i remetre-li informaci\u00f3 comercial dels nostres productes i serveis, fins i tot per correu electr\u00f2nic. <strong>Legitimaci\u00f3<\/strong>: Consentiment de l'interessat. Destinataris: No estan previstes cessions de dades. <strong>Drets<\/strong>: Pot retirar el seu consentiment a qualsevol moment, aix\u00ed com accedir, rectificar, suprimir les seves dades i altres drets a <a href=\"mailto:info@servitec.tv\">info@servitec.tv<\/a>. <strong>Informaci\u00f3 Addicional<\/strong>: Pot ampliar la informaci\u00f3 a l'enlla\u00e7 <a href=\"\/politica-de-privacitat\" target=\"_blank\">d'Avisos Legals<\/a>.<br \/>\n<br\/><\/p>\n<div class=\"enviar_form\"><input type=\"submit\" value=\"ENVIAR\" class=\"wpcf7-form-control has-spinner wpcf7-submit\" \/><\/div>\n<p style=\"display: none !important;\" class=\"akismet-fields-container\" data-prefix=\"_wpcf7_ak_\"><label>&#916;<textarea name=\"_wpcf7_ak_hp_textarea\" cols=\"45\" rows=\"8\" maxlength=\"100\"><\/textarea><\/label><input type=\"hidden\" id=\"ak_js_1\" name=\"_wpcf7_ak_js\" value=\"122\"\/><script>document.getElementById( \"ak_js_1\" ).setAttribute( \"value\", ( new Date() ).getTime() );<\/script><\/p><div class=\"wpcf7-response-output\" aria-hidden=\"true\"><\/div><\/form><\/div>[\/vc_column_inner][\/vc_row_inner][\/vc_column][\/vc_row]<\/p>\n","protected":false},"excerpt":{"rendered":"<p>[vc_row el_class=\u00bbcontacte-row\u00bb][vc_column][vc_row_inner][vc_column_inner el_class=\u00bbcontacte-inner-row\u00bb width=\u00bb1\/4&#8243;][vc_single_image image=\u00bb2244&#8243; img_size=\u00bbfull\u00bb alignment=\u00bbcenter\u00bb][vc_column_text el_class=\u00bbcontacte-text\u00bb]Calle Iluro, 10. Matar\u00f3 08302[\/vc_column_text][\/vc_column_inner][vc_column_inner el_class=\u00bbcontacte-inner-row\u00bb width=\u00bb1\/4&#8243;][vc_single_image image=\u00bb2245&#8243; img_size=\u00bbfull\u00bb alignment=\u00bbcenter\u00bb][vc_column_text el_class=\u00bbcontacte-text\u00bb]servitec@servitec.tv[\/vc_column_text][\/vc_column_inner][vc_column_inner el_class=\u00bbcontacte-inner-row\u00bb width=\u00bb1\/4&#8243;][vc_single_image image=\u00bb2246&#8243; img_size=\u00bbfull\u00bb alignment=\u00bbcenter\u00bb][vc_column_text el_class=\u00bbcontacte-text\u00bb]+34 93 799 39 80[\/vc_column_text][\/vc_column_inner][vc_column_inner el_class=\u00bbcontacte-inner-row\u00bb width=\u00bb1\/4&#8243;][vc_single_image image=\u00bb2247&#8243; img_size=\u00bbfull\u00bb alignment=\u00bbcenter\u00bb][vc_column_text el_class=\u00bbcontacte-text\u00bb]Horario: de lunes a viernes de 9 a 13 h y de 17 a 19 h[\/vc_column_text][\/vc_column_inner][\/vc_row_inner][\/vc_column][\/vc_row][vc_row full_width=\u00bbstretch_row_content_no_spaces\u00bb][vc_column][vc_column_text] [\/vc_column_text][\/vc_column][\/vc_row][vc_row full_width=\u00bbstretch_row_content\u00bb css=\u00bb.vc_custom_1541414790998{background-color: #f6f6f6 !important;}\u00bb][vc_column][vc_row_inner<\/p>\n","protected":false},"author":1,"featured_media":0,"parent":0,"menu_order":0,"comment_status":"closed","ping_status":"closed","template":"","meta":{"_exactmetrics_skip_tracking":false,"_exactmetrics_sitenote_active":false,"_exactmetrics_sitenote_note":"","_exactmetrics_sitenote_category":0},"yoast_head":"<!-- This site is optimized with the Yoast SEO plugin v19.6.1 - https:\/\/yoast.com\/wordpress\/plugins\/seo\/ -->\n<title>Contacto - Servitec<\/title>\n<meta name=\"description\" content=\"Encu\u00e9ntranos en Carre d&#039;Iluro, 10, 08302 Matar\u00f3. Abrimos de lunes a viernes de 9:00 - 13: 00h i de 17:00 - 19: 00h. Telf. 93 799 39 80. Correo: servitec@servitec.tv\" \/>\n<meta name=\"robots\" content=\"index, follow, max-snippet:-1, max-image-preview:large, max-video-preview:-1\" \/>\n<link rel=\"canonical\" href=\"https:\/\/servitec.tv\/es\/contacto\/\" \/>\n<meta property=\"og:locale\" content=\"es_ES\" \/>\n<meta property=\"og:type\" content=\"article\" \/>\n<meta property=\"og:title\" content=\"Contacto - Servitec\" \/>\n<meta property=\"og:description\" content=\"Encu\u00e9ntranos en Carre d&#039;Iluro, 10, 08302 Matar\u00f3. Abrimos de lunes a viernes de 9:00 - 13: 00h i de 17:00 - 19: 00h. Telf. 93 799 39 80. Correo: servitec@servitec.tv\" \/>\n<meta property=\"og:url\" content=\"https:\/\/servitec.tv\/es\/contacto\/\" \/>\n<meta property=\"og:site_name\" content=\"Servitec\" \/>\n<meta property=\"article:modified_time\" content=\"2019-11-19T16:30:32+00:00\" \/>\n<meta name=\"twitter:card\" content=\"summary_large_image\" \/>\n<meta name=\"twitter:label1\" content=\"Tiempo de lectura\" \/>\n\t<meta name=\"twitter:data1\" content=\"1 minuto\" \/>\n<script type=\"application\/ld+json\" class=\"yoast-schema-graph\">{\"@context\":\"https:\/\/schema.org\",\"@graph\":[{\"@type\":\"WebPage\",\"@id\":\"https:\/\/servitec.tv\/es\/contacto\/\",\"url\":\"https:\/\/servitec.tv\/es\/contacto\/\",\"name\":\"Contacto - Servitec\",\"isPartOf\":{\"@id\":\"https:\/\/servitec.tv\/#website\"},\"datePublished\":\"2018-11-05T10:09:22+00:00\",\"dateModified\":\"2019-11-19T16:30:32+00:00\",\"description\":\"Encu\u00e9ntranos en Carre d'Iluro, 10, 08302 Matar\u00f3. Abrimos de lunes a viernes de 9:00 - 13: 00h i de 17:00 - 19: 00h. Telf. 93 799 39 80. Correo: servitec@servitec.tv\",\"breadcrumb\":{\"@id\":\"https:\/\/servitec.tv\/es\/contacto\/#breadcrumb\"},\"inLanguage\":\"es\",\"potentialAction\":[{\"@type\":\"ReadAction\",\"target\":[\"https:\/\/servitec.tv\/es\/contacto\/\"]}]},{\"@type\":\"BreadcrumbList\",\"@id\":\"https:\/\/servitec.tv\/es\/contacto\/#breadcrumb\",\"itemListElement\":[{\"@type\":\"ListItem\",\"position\":1,\"name\":\"Inici\",\"item\":\"https:\/\/servitec.tv\/es\/\"},{\"@type\":\"ListItem\",\"position\":2,\"name\":\"Contacto\"}]},{\"@type\":\"WebSite\",\"@id\":\"https:\/\/servitec.tv\/#website\",\"url\":\"https:\/\/servitec.tv\/\",\"name\":\"Servitec\",\"description\":\"Telecomunicacions\",\"publisher\":{\"@id\":\"https:\/\/servitec.tv\/#organization\"},\"potentialAction\":[{\"@type\":\"SearchAction\",\"target\":{\"@type\":\"EntryPoint\",\"urlTemplate\":\"https:\/\/servitec.tv\/?s={search_term_string}\"},\"query-input\":\"required name=search_term_string\"}],\"inLanguage\":\"es\"},{\"@type\":\"Organization\",\"@id\":\"https:\/\/servitec.tv\/#organization\",\"name\":\"Servitec\",\"url\":\"https:\/\/servitec.tv\/\",\"sameAs\":[],\"logo\":{\"@type\":\"ImageObject\",\"inLanguage\":\"es\",\"@id\":\"https:\/\/servitec.tv\/#\/schema\/logo\/image\/\",\"url\":\"https:\/\/servitec.tv\/wp-content\/uploads\/2018\/11\/cropped-logotip-2-1.png\",\"contentUrl\":\"https:\/\/servitec.tv\/wp-content\/uploads\/2018\/11\/cropped-logotip-2-1.png\",\"width\":164,\"height\":51,\"caption\":\"Servitec\"},\"image\":{\"@id\":\"https:\/\/servitec.tv\/#\/schema\/logo\/image\/\"}}]}<\/script>\n<!-- \/ Yoast SEO plugin. -->","yoast_head_json":{"title":"Contacto - Servitec","description":"Encu\u00e9ntranos en Carre d'Iluro, 10, 08302 Matar\u00f3. Abrimos de lunes a viernes de 9:00 - 13: 00h i de 17:00 - 19: 00h. Telf. 93 799 39 80. Correo: servitec@servitec.tv","robots":{"index":"index","follow":"follow","max-snippet":"max-snippet:-1","max-image-preview":"max-image-preview:large","max-video-preview":"max-video-preview:-1"},"canonical":"https:\/\/servitec.tv\/es\/contacto\/","og_locale":"es_ES","og_type":"article","og_title":"Contacto - Servitec","og_description":"Encu\u00e9ntranos en Carre d'Iluro, 10, 08302 Matar\u00f3. Abrimos de lunes a viernes de 9:00 - 13: 00h i de 17:00 - 19: 00h. Telf. 93 799 39 80. Correo: servitec@servitec.tv","og_url":"https:\/\/servitec.tv\/es\/contacto\/","og_site_name":"Servitec","article_modified_time":"2019-11-19T16:30:32+00:00","twitter_card":"summary_large_image","twitter_misc":{"Tiempo de lectura":"1 minuto"},"schema":{"@context":"https:\/\/schema.org","@graph":[{"@type":"WebPage","@id":"https:\/\/servitec.tv\/es\/contacto\/","url":"https:\/\/servitec.tv\/es\/contacto\/","name":"Contacto - Servitec","isPartOf":{"@id":"https:\/\/servitec.tv\/#website"},"datePublished":"2018-11-05T10:09:22+00:00","dateModified":"2019-11-19T16:30:32+00:00","description":"Encu\u00e9ntranos en Carre d'Iluro, 10, 08302 Matar\u00f3. Abrimos de lunes a viernes de 9:00 - 13: 00h i de 17:00 - 19: 00h. Telf. 93 799 39 80. Correo: servitec@servitec.tv","breadcrumb":{"@id":"https:\/\/servitec.tv\/es\/contacto\/#breadcrumb"},"inLanguage":"es","potentialAction":[{"@type":"ReadAction","target":["https:\/\/servitec.tv\/es\/contacto\/"]}]},{"@type":"BreadcrumbList","@id":"https:\/\/servitec.tv\/es\/contacto\/#breadcrumb","itemListElement":[{"@type":"ListItem","position":1,"name":"Inici","item":"https:\/\/servitec.tv\/es\/"},{"@type":"ListItem","position":2,"name":"Contacto"}]},{"@type":"WebSite","@id":"https:\/\/servitec.tv\/#website","url":"https:\/\/servitec.tv\/","name":"Servitec","description":"Telecomunicacions","publisher":{"@id":"https:\/\/servitec.tv\/#organization"},"potentialAction":[{"@type":"SearchAction","target":{"@type":"EntryPoint","urlTemplate":"https:\/\/servitec.tv\/?s={search_term_string}"},"query-input":"required name=search_term_string"}],"inLanguage":"es"},{"@type":"Organization","@id":"https:\/\/servitec.tv\/#organization","name":"Servitec","url":"https:\/\/servitec.tv\/","sameAs":[],"logo":{"@type":"ImageObject","inLanguage":"es","@id":"https:\/\/servitec.tv\/#\/schema\/logo\/image\/","url":"https:\/\/servitec.tv\/wp-content\/uploads\/2018\/11\/cropped-logotip-2-1.png","contentUrl":"https:\/\/servitec.tv\/wp-content\/uploads\/2018\/11\/cropped-logotip-2-1.png","width":164,"height":51,"caption":"Servitec"},"image":{"@id":"https:\/\/servitec.tv\/#\/schema\/logo\/image\/"}}]}},"_links":{"self":[{"href":"https:\/\/servitec.tv\/es\/wp-json\/wp\/v2\/pages\/2300"}],"collection":[{"href":"https:\/\/servitec.tv\/es\/wp-json\/wp\/v2\/pages"}],"about":[{"href":"https:\/\/servitec.tv\/es\/wp-json\/wp\/v2\/types\/page"}],"author":[{"embeddable":true,"href":"https:\/\/servitec.tv\/es\/wp-json\/wp\/v2\/users\/1"}],"replies":[{"embeddable":true,"href":"https:\/\/servitec.tv\/es\/wp-json\/wp\/v2\/comments?post=2300"}],"version-history":[{"count":3,"href":"https:\/\/servitec.tv\/es\/wp-json\/wp\/v2\/pages\/2300\/revisions"}],"predecessor-version":[{"id":2826,"href":"https:\/\/servitec.tv\/es\/wp-json\/wp\/v2\/pages\/2300\/revisions\/2826"}],"wp:attachment":[{"href":"https:\/\/servitec.tv\/es\/wp-json\/wp\/v2\/media?parent=2300"}],"curies":[{"name":"wp","href":"https:\/\/api.w.org\/{rel}","templated":true}]}}