{"id":2295,"date":"2019-03-22T15:06:53","date_gmt":"2019-03-22T13:06:53","guid":{"rendered":"http:\/\/servitecnew.tv.mialias.net\/administradors-de-finques\/"},"modified":"2025-01-02T17:57:44","modified_gmt":"2025-01-02T15:57:44","slug":"administradores-de-fincas","status":"publish","type":"page","link":"https:\/\/servitec.tv\/es\/clientes\/administradores-de-fincas\/","title":{"rendered":"Administradores de fincas"},"content":{"rendered":"<p>[vc_row el_class=\u00bbserveis-content-header-title\u00bb][vc_column width=\u00bb1\/6&#8243; el_class=\u00bbimatge_serveis_clients\u00bb][vc_single_image image=\u00bb2286&#8243; alignment=\u00bbcenter\u00bb][\/vc_column][vc_column width=\u00bb5\/6&#8243;][vc_column_text]Administradores de fincas[\/vc_column_text][\/vc_column][\/vc_row][vc_row full_width=\u00bbstretch_row_content_no_spaces\u00bb][vc_column][vc_single_image image=\u00bb2622&#8243; img_size=\u00bbfull\u00bb alignment=\u00bbcenter\u00bb el_class=\u00bbserveis-content-image\u00bb][\/vc_column][\/vc_row][vc_row full_width=\u00bbstretch_row_content\u00bb][vc_column][vc_row_inner el_class=\u00bbserveis-content-row\u00bb][vc_column_inner el_class=\u00bbserveis-content-form\u00bb width=\u00bb2\/3&#8243;][vc_column_text el_class=\u00bbserveis-content-text\u00bb]<\/p>\n<p class=\"p1\"><span class=\"s1\">Servitec ofrece a los Administradores de Comunidades un servicio integral de productos y servicios de Telecomunicaciones y Seguridad y todas las acciones para garantizar la satisfacci\u00f3n del administrado.<\/span><\/p>\n<p class=\"p1\"><span class=\"s1\">Ofrecemos a las comunidades administradas:<\/span><\/p>\n<p class=\"p1\"><span class=\"s1\">Instalaci\u00f3n de nuevos equipos y sistemas de telecomunicaciones y seguridad:<\/span><\/p>\n<ul>\n<li class=\"p1\"><span class=\"s1\">TV TDT, SAT, IP<\/span><\/li>\n<li class=\"p1\"><span class=\"s1\">Porteros y videoporteros<\/span><\/li>\n<li class=\"p1\"><span class=\"s1\">V\u00eddeo seguridad, CCTV, control de accesos y matriculas en Parkings y zonas comunitarias.<\/span><\/li>\n<li class=\"p1\"><span class=\"s1\">Sistemas de DATOS internos Sistemas de DATOS internos o WIFI Comunitario.<\/span><\/li>\n<\/ul>\n<p class=\"p1\"><span class=\"s1\">Actualizaciones, sustituciones y ampliaciones de los sistemas.<\/span><\/p>\n<p class=\"p1\"><span class=\"s1\">Servicio t\u00e9cnico de aver\u00edas:<\/span><\/p>\n<ul>\n<li class=\"p1\"><span class=\"s1\">Sistema de gesti\u00f3n de incidencias de 24h<\/span><\/li>\n<li class=\"p1\"><span class=\"s1\">Seguimiento instant\u00e1neo del estado del servicio e intercambio de informaci\u00f3n entre las partes.<\/span><\/li>\n<\/ul>\n<p class=\"p1\"><span class=\"s1\">Soporte informativo t\u00e9cnico para las reuniones de vecinos<\/span><\/p>\n<p class=\"p1\"><span class=\"s1\">Mantenimiento de todos los equipos instalados.<\/span><\/p>\n<p class=\"p1\"><span class=\"s1\">Presupuestos r\u00e1pidos y a medida.<\/span><\/p>\n<p>[\/vc_column_text][vc_column_text el_class=\u00bbserveis-form-titol\u00bb]<\/p>\n<p style=\"text-align: center;\">Formulario de contacto<\/p>\n<p>[\/vc_column_text][vc_column_text el_class=\u00bbserveis-form-text\u00bb]<\/p>\n<p style=\"text-align: center;\">Envia un correo electr\u00f3nico<\/p>\n<p>[\/vc_column_text]<div role=\"form\" class=\"wpcf7\" id=\"wpcf7-f2432-o1\" lang=\"ca\" dir=\"ltr\">\n<div class=\"screen-reader-response\"><p role=\"status\" aria-live=\"polite\" aria-atomic=\"true\"><\/p> <ul><\/ul><\/div>\n<form action=\"\/es\/wp-json\/wp\/v2\/pages\/2295#wpcf7-f2432-o1\" method=\"post\" class=\"wpcf7-form init\" novalidate=\"novalidate\" data-status=\"init\">\n<div style=\"display: none;\">\n<input type=\"hidden\" name=\"_wpcf7\" value=\"2432\" \/>\n<input type=\"hidden\" name=\"_wpcf7_version\" value=\"5.6.3\" \/>\n<input type=\"hidden\" name=\"_wpcf7_locale\" value=\"ca\" \/>\n<input type=\"hidden\" name=\"_wpcf7_unit_tag\" value=\"wpcf7-f2432-o1\" \/>\n<input type=\"hidden\" name=\"_wpcf7_container_post\" value=\"0\" \/>\n<input type=\"hidden\" name=\"_wpcf7_posted_data_hash\" value=\"\" \/>\n<input type=\"hidden\" name=\"_wpcf7_recaptcha_response\" value=\"\" \/>\n<\/div>\n<p><label><br \/>\n    <span class=\"wpcf7-form-control-wrap\" data-name=\"your-name\"><input type=\"text\" name=\"your-name\" value=\"\" size=\"40\" class=\"wpcf7-form-control wpcf7-text wpcf7-validates-as-required\" aria-required=\"true\" aria-invalid=\"false\" placeholder=\"Nombre y apellidos *\" \/><\/span> <\/label><\/p>\n<p><label><br \/>\n    <span class=\"wpcf7-form-control-wrap\" data-name=\"your-email\"><input type=\"email\" name=\"your-email\" value=\"\" size=\"40\" class=\"wpcf7-form-control wpcf7-text wpcf7-email wpcf7-validates-as-required wpcf7-validates-as-email\" aria-required=\"true\" aria-invalid=\"false\" placeholder=\"Correo electr\u00f3nico *\" \/><\/span> <\/label><\/p>\n<p><label><br \/>\n    <span class=\"wpcf7-form-control-wrap\" data-name=\"telefono\"><input type=\"tel\" name=\"telefono\" value=\"\" size=\"40\" class=\"wpcf7-form-control wpcf7-text wpcf7-tel wpcf7-validates-as-required wpcf7-validates-as-tel\" aria-required=\"true\" aria-invalid=\"false\" placeholder=\"Tel\u00e9fono *\" \/><\/span><\/label><\/p>\n<p><label><br \/>\n    <span class=\"wpcf7-form-control-wrap\" data-name=\"Direccion\"><input type=\"text\" name=\"Direccion\" value=\"\" size=\"40\" class=\"wpcf7-form-control wpcf7-text wpcf7-validates-as-required\" aria-required=\"true\" aria-invalid=\"false\" placeholder=\"Direcci\u00f3n *\" \/><\/span><\/label><\/p>\n<p><label><br \/>\n    <span class=\"wpcf7-form-control-wrap\" data-name=\"poblacion\"><input type=\"text\" name=\"poblacion\" value=\"\" size=\"40\" class=\"wpcf7-form-control wpcf7-text wpcf7-validates-as-required\" aria-required=\"true\" aria-invalid=\"false\" placeholder=\"Poblaci\u00f3n *\" \/><\/span><\/label><\/p>\n<p><label><br \/>\n    <span class=\"wpcf7-form-control-wrap\" data-name=\"your-subject\"><input type=\"text\" name=\"your-subject\" value=\"\" size=\"40\" class=\"wpcf7-form-control wpcf7-text\" aria-invalid=\"false\" placeholder=\"Asunto *\" \/><\/span> <\/label><\/p>\n<p><label><br \/>\n    <span class=\"wpcf7-form-control-wrap\" data-name=\"your-message\"><textarea name=\"your-message\" cols=\"40\" rows=\"10\" class=\"wpcf7-form-control wpcf7-textarea\" aria-invalid=\"false\" placeholder=\"Mensaje *\"><\/textarea><\/span> <\/label><\/p>\n<p><span class=\"wpcf7-form-control-wrap\" data-name=\"checkbox-565\"><span class=\"wpcf7-form-control wpcf7-checkbox\"><span class=\"wpcf7-list-item first last\"><input type=\"checkbox\" name=\"checkbox-565[]\" value=\"Acepto recibir informaci\u00f3n comercial.\" \/><span class=\"wpcf7-list-item-label\">Acepto recibir informaci\u00f3n comercial.<\/span><\/span><\/span><\/span><br \/>\n<span class=\"wpcf7-form-control-wrap\" data-name=\"acceptance-637\"><span class=\"wpcf7-form-control wpcf7-acceptance\"><span class=\"wpcf7-list-item\"><label><input type=\"checkbox\" name=\"acceptance-637\" value=\"1\" aria-invalid=\"false\" \/><span class=\"wpcf7-list-item-label\">He le\u00eddo y acepto la <a href=\"\/politica-de-privacitat\" target=\"_blank\">Pol\u00edtica de Privacidad<\/a> (*)<\/span><\/label><\/span><\/span><\/span><\/p>\n<p><strong>* Todos los campos con <u>asterisco<\/u> son obligatorios.<\/strong><\/p>\n<p><br\/><\/p>\n<h4>INFORMACI\u00d3N PROTECCI\u00d3N DE DATOS DE SERVITEC<\/h4>\n<p><strong>Finalidades<\/strong>: Responder a sus solicitudes y remitirle informaci\u00f3n comercial de nuestros productos y servicios, incluso por correo electr\u00f3nico. <strong>Legitimaci\u00f3n<\/strong>: Consentimiento del interesado. Destinatarios: No est\u00e1n previstas cesiones de datos. <strong>Derechos<\/strong>: Puede retirar su consentimiento en cualquier momento, as\u00ed como acceder, rectificar, suprimir sus datos y otros derechos a <a href=\"mailto:info@servitec.tv\">info@servitec.tv<\/a>. <strong>Informaci\u00f3n Adicional<\/strong>: Puede ampliar la informaci\u00f3n en el enlace <a href=\"\/politica-de-privacidad\" target=\"_blank\">de Avisos Legales<\/a>.<br \/>\n<br\/><\/p>\n<div class=\"enviar_form\"><input type=\"submit\" value=\"ENVIAR\" class=\"wpcf7-form-control has-spinner wpcf7-submit\" \/><\/div>\n<p style=\"display: none !important;\" class=\"akismet-fields-container\" data-prefix=\"_wpcf7_ak_\"><label>&#916;<textarea name=\"_wpcf7_ak_hp_textarea\" cols=\"45\" rows=\"8\" maxlength=\"100\"><\/textarea><\/label><input type=\"hidden\" id=\"ak_js_1\" name=\"_wpcf7_ak_js\" value=\"39\"\/><script>document.getElementById( \"ak_js_1\" ).setAttribute( \"value\", ( new Date() ).getTime() );<\/script><\/p><div class=\"wpcf7-response-output\" aria-hidden=\"true\"><\/div><\/form><\/div>[\/vc_column_inner][vc_column_inner width=\u00bb1\/3&#8243;][vc_raw_html]W3dpZGdldCBpZD0ibWVkaWFfaW1hZ2UtNSJd[\/vc_raw_html][\/vc_column_inner][\/vc_row_inner][\/vc_column][\/vc_row]<\/p>\n","protected":false},"excerpt":{"rendered":"<p>[vc_row el_class=\u00bbserveis-content-header-title\u00bb][vc_column width=\u00bb1\/6&#8243; el_class=\u00bbimatge_serveis_clients\u00bb][vc_single_image image=\u00bb2286&#8243; alignment=\u00bbcenter\u00bb][\/vc_column][vc_column width=\u00bb5\/6&#8243;][vc_column_text]Administradores de fincas[\/vc_column_text][\/vc_column][\/vc_row][vc_row full_width=\u00bbstretch_row_content_no_spaces\u00bb][vc_column][vc_single_image image=\u00bb2622&#8243; img_size=\u00bbfull\u00bb alignment=\u00bbcenter\u00bb el_class=\u00bbserveis-content-image\u00bb][\/vc_column][\/vc_row][vc_row full_width=\u00bbstretch_row_content\u00bb][vc_column][vc_row_inner el_class=\u00bbserveis-content-row\u00bb][vc_column_inner el_class=\u00bbserveis-content-form\u00bb width=\u00bb2\/3&#8243;][vc_column_text el_class=\u00bbserveis-content-text\u00bb] Servitec ofrece a los Administradores de Comunidades un servicio integral de productos y servicios de Telecomunicaciones y Seguridad y todas las acciones para garantizar la satisfacci\u00f3n del administrado. Ofrecemos a las comunidades administradas: Instalaci\u00f3n de nuevos<\/p>\n","protected":false},"author":1,"featured_media":0,"parent":2323,"menu_order":0,"comment_status":"closed","ping_status":"closed","template":"","meta":{"_exactmetrics_skip_tracking":false,"_exactmetrics_sitenote_active":false,"_exactmetrics_sitenote_note":"","_exactmetrics_sitenote_category":0},"yoast_head":"<!-- This site is optimized with the Yoast SEO plugin v19.6.1 - https:\/\/yoast.com\/wordpress\/plugins\/seo\/ -->\n<title>Administradores de fincas - Servitec<\/title>\n<meta name=\"description\" content=\"Servitec ofrece a los administradores de fincas un servicio integral para las comunidades con servicios de Telecomunicaciones y Seguridad.\" \/>\n<meta name=\"robots\" content=\"index, follow, max-snippet:-1, max-image-preview:large, max-video-preview:-1\" \/>\n<link rel=\"canonical\" href=\"https:\/\/servitec.tv\/es\/clientes\/administradores-de-fincas\/\" \/>\n<meta property=\"og:locale\" content=\"es_ES\" \/>\n<meta property=\"og:type\" content=\"article\" \/>\n<meta property=\"og:title\" content=\"Administradores de fincas - Servitec\" \/>\n<meta property=\"og:description\" content=\"Servitec ofrece a los administradores de fincas un servicio integral para las comunidades con servicios de Telecomunicaciones y Seguridad.\" \/>\n<meta property=\"og:url\" content=\"https:\/\/servitec.tv\/es\/clientes\/administradores-de-fincas\/\" \/>\n<meta property=\"og:site_name\" content=\"Servitec\" \/>\n<meta property=\"article:modified_time\" content=\"2025-01-02T15:57:44+00:00\" \/>\n<meta name=\"twitter:card\" content=\"summary_large_image\" \/>\n<meta name=\"twitter:label1\" content=\"Tiempo de lectura\" \/>\n\t<meta name=\"twitter:data1\" content=\"1 minuto\" \/>\n<script type=\"application\/ld+json\" class=\"yoast-schema-graph\">{\"@context\":\"https:\/\/schema.org\",\"@graph\":[{\"@type\":\"WebPage\",\"@id\":\"https:\/\/servitec.tv\/es\/clientes\/administradores-de-fincas\/\",\"url\":\"https:\/\/servitec.tv\/es\/clientes\/administradores-de-fincas\/\",\"name\":\"Administradores de fincas - Servitec\",\"isPartOf\":{\"@id\":\"https:\/\/servitec.tv\/#website\"},\"datePublished\":\"2019-03-22T13:06:53+00:00\",\"dateModified\":\"2025-01-02T15:57:44+00:00\",\"description\":\"Servitec ofrece a los administradores de fincas un servicio integral para las comunidades con servicios de Telecomunicaciones y Seguridad.\",\"breadcrumb\":{\"@id\":\"https:\/\/servitec.tv\/es\/clientes\/administradores-de-fincas\/#breadcrumb\"},\"inLanguage\":\"es\",\"potentialAction\":[{\"@type\":\"ReadAction\",\"target\":[\"https:\/\/servitec.tv\/es\/clientes\/administradores-de-fincas\/\"]}]},{\"@type\":\"BreadcrumbList\",\"@id\":\"https:\/\/servitec.tv\/es\/clientes\/administradores-de-fincas\/#breadcrumb\",\"itemListElement\":[{\"@type\":\"ListItem\",\"position\":1,\"name\":\"Inici\",\"item\":\"https:\/\/servitec.tv\/es\/\"},{\"@type\":\"ListItem\",\"position\":2,\"name\":\"Clientes\",\"item\":\"https:\/\/servitec.tv\/es\/clientes\/\"},{\"@type\":\"ListItem\",\"position\":3,\"name\":\"Administradores de fincas\"}]},{\"@type\":\"WebSite\",\"@id\":\"https:\/\/servitec.tv\/#website\",\"url\":\"https:\/\/servitec.tv\/\",\"name\":\"Servitec\",\"description\":\"Telecomunicacions\",\"publisher\":{\"@id\":\"https:\/\/servitec.tv\/#organization\"},\"potentialAction\":[{\"@type\":\"SearchAction\",\"target\":{\"@type\":\"EntryPoint\",\"urlTemplate\":\"https:\/\/servitec.tv\/?s={search_term_string}\"},\"query-input\":\"required name=search_term_string\"}],\"inLanguage\":\"es\"},{\"@type\":\"Organization\",\"@id\":\"https:\/\/servitec.tv\/#organization\",\"name\":\"Servitec\",\"url\":\"https:\/\/servitec.tv\/\",\"sameAs\":[],\"logo\":{\"@type\":\"ImageObject\",\"inLanguage\":\"es\",\"@id\":\"https:\/\/servitec.tv\/#\/schema\/logo\/image\/\",\"url\":\"https:\/\/servitec.tv\/wp-content\/uploads\/2018\/11\/cropped-logotip-2-1.png\",\"contentUrl\":\"https:\/\/servitec.tv\/wp-content\/uploads\/2018\/11\/cropped-logotip-2-1.png\",\"width\":164,\"height\":51,\"caption\":\"Servitec\"},\"image\":{\"@id\":\"https:\/\/servitec.tv\/#\/schema\/logo\/image\/\"}}]}<\/script>\n<!-- \/ Yoast SEO plugin. -->","yoast_head_json":{"title":"Administradores de fincas - Servitec","description":"Servitec ofrece a los administradores de fincas un servicio integral para las comunidades con servicios de Telecomunicaciones y Seguridad.","robots":{"index":"index","follow":"follow","max-snippet":"max-snippet:-1","max-image-preview":"max-image-preview:large","max-video-preview":"max-video-preview:-1"},"canonical":"https:\/\/servitec.tv\/es\/clientes\/administradores-de-fincas\/","og_locale":"es_ES","og_type":"article","og_title":"Administradores de fincas - Servitec","og_description":"Servitec ofrece a los administradores de fincas un servicio integral para las comunidades con servicios de Telecomunicaciones y Seguridad.","og_url":"https:\/\/servitec.tv\/es\/clientes\/administradores-de-fincas\/","og_site_name":"Servitec","article_modified_time":"2025-01-02T15:57:44+00:00","twitter_card":"summary_large_image","twitter_misc":{"Tiempo de lectura":"1 minuto"},"schema":{"@context":"https:\/\/schema.org","@graph":[{"@type":"WebPage","@id":"https:\/\/servitec.tv\/es\/clientes\/administradores-de-fincas\/","url":"https:\/\/servitec.tv\/es\/clientes\/administradores-de-fincas\/","name":"Administradores de fincas - Servitec","isPartOf":{"@id":"https:\/\/servitec.tv\/#website"},"datePublished":"2019-03-22T13:06:53+00:00","dateModified":"2025-01-02T15:57:44+00:00","description":"Servitec ofrece a los administradores de fincas un servicio integral para las comunidades con servicios de Telecomunicaciones y Seguridad.","breadcrumb":{"@id":"https:\/\/servitec.tv\/es\/clientes\/administradores-de-fincas\/#breadcrumb"},"inLanguage":"es","potentialAction":[{"@type":"ReadAction","target":["https:\/\/servitec.tv\/es\/clientes\/administradores-de-fincas\/"]}]},{"@type":"BreadcrumbList","@id":"https:\/\/servitec.tv\/es\/clientes\/administradores-de-fincas\/#breadcrumb","itemListElement":[{"@type":"ListItem","position":1,"name":"Inici","item":"https:\/\/servitec.tv\/es\/"},{"@type":"ListItem","position":2,"name":"Clientes","item":"https:\/\/servitec.tv\/es\/clientes\/"},{"@type":"ListItem","position":3,"name":"Administradores de fincas"}]},{"@type":"WebSite","@id":"https:\/\/servitec.tv\/#website","url":"https:\/\/servitec.tv\/","name":"Servitec","description":"Telecomunicacions","publisher":{"@id":"https:\/\/servitec.tv\/#organization"},"potentialAction":[{"@type":"SearchAction","target":{"@type":"EntryPoint","urlTemplate":"https:\/\/servitec.tv\/?s={search_term_string}"},"query-input":"required name=search_term_string"}],"inLanguage":"es"},{"@type":"Organization","@id":"https:\/\/servitec.tv\/#organization","name":"Servitec","url":"https:\/\/servitec.tv\/","sameAs":[],"logo":{"@type":"ImageObject","inLanguage":"es","@id":"https:\/\/servitec.tv\/#\/schema\/logo\/image\/","url":"https:\/\/servitec.tv\/wp-content\/uploads\/2018\/11\/cropped-logotip-2-1.png","contentUrl":"https:\/\/servitec.tv\/wp-content\/uploads\/2018\/11\/cropped-logotip-2-1.png","width":164,"height":51,"caption":"Servitec"},"image":{"@id":"https:\/\/servitec.tv\/#\/schema\/logo\/image\/"}}]}},"_links":{"self":[{"href":"https:\/\/servitec.tv\/es\/wp-json\/wp\/v2\/pages\/2295"}],"collection":[{"href":"https:\/\/servitec.tv\/es\/wp-json\/wp\/v2\/pages"}],"about":[{"href":"https:\/\/servitec.tv\/es\/wp-json\/wp\/v2\/types\/page"}],"author":[{"embeddable":true,"href":"https:\/\/servitec.tv\/es\/wp-json\/wp\/v2\/users\/1"}],"replies":[{"embeddable":true,"href":"https:\/\/servitec.tv\/es\/wp-json\/wp\/v2\/comments?post=2295"}],"version-history":[{"count":1,"href":"https:\/\/servitec.tv\/es\/wp-json\/wp\/v2\/pages\/2295\/revisions"}],"predecessor-version":[{"id":4878,"href":"https:\/\/servitec.tv\/es\/wp-json\/wp\/v2\/pages\/2295\/revisions\/4878"}],"up":[{"embeddable":true,"href":"https:\/\/servitec.tv\/es\/wp-json\/wp\/v2\/pages\/2323"}],"wp:attachment":[{"href":"https:\/\/servitec.tv\/es\/wp-json\/wp\/v2\/media?parent=2295"}],"curies":[{"name":"wp","href":"https:\/\/api.w.org\/{rel}","templated":true}]}}